{"id":111,"date":"2026-05-09T07:37:09","date_gmt":"2026-05-09T05:37:09","guid":{"rendered":"http:\/\/kxhiswf.cluster121.hosting.ovh.net\/?page_id=111"},"modified":"2026-05-11T16:21:41","modified_gmt":"2026-05-11T14:21:41","slug":"la-legende-de-lorme","status":"publish","type":"page","link":"https:\/\/www.gasconsdebiscarrosse.net\/index.php\/la-legende-de-lorme\/","title":{"rendered":"La L\u00e9gende de l&rsquo;Orme"},"content":{"rendered":"\n<h2 class=\"wp-block-heading\"><em>La l\u00e9gende de l&rsquo;Orme<\/em><\/h2>\n\n\n\n<h3 class=\"wp-block-heading\">L\u2019orme est mort, vive sa l\u00e9gende.<\/h3>\n\n\n\n<p>\u00ab Tout fout le camp, mon bon \u00bb ronchonnent souvent les anciens quand ils \u00e9voquent le pass\u00e9. C\u2019est particuli\u00e8rement vrai \u00e0 Biscarrosse depuis cette ann\u00e9e.<\/p>\n\n\n\n<p>Au printemps 2010, en effet, un \u00e9v\u00e8nement tous les ans renouvel\u00e9 depuis des si\u00e8cles \u2013 six, sept, plus peut-\u00eatre \u2013 n\u2019est pas intervenu. La couronne de fleurs blanches qui, au joli mois de mai, apparaissait au dessus de la cavit\u00e9 de l\u2019orme l\u00e9gendaire du village n\u2019a pas fleuri. Anecdotique ? Oh ! non.<\/p>\n\n\n<div class=\"wp-block-image\">\n<figure class=\"alignright size-full\"><img loading=\"lazy\" decoding=\"async\" width=\"200\" height=\"328\" src=\"https:\/\/www.gasconsdebiscarrosse.net\/wp-content\/uploads\/2026\/05\/orme2-3.png\" alt=\"\" class=\"wp-image-407\" srcset=\"https:\/\/www.gasconsdebiscarrosse.net\/wp-content\/uploads\/2026\/05\/orme2-3.png 200w, https:\/\/www.gasconsdebiscarrosse.net\/wp-content\/uploads\/2026\/05\/orme2-3-183x300.png 183w\" sizes=\"auto, (max-width: 200px) 100vw, 200px\" \/><\/figure>\n<\/div>\n\n\n<p>Car c\u2019est l\u00e0 tout un pan de l\u2019histoire du village qui dispara\u00eet, toute une l\u00e9gende qui s\u2019\u00e9vanouit. Perdus, tous deux, avec la mort certaine de l\u2019arbre s\u00e9culaire, peut-\u00eatre victime de la temp\u00eate Klaus qui, en janvier 2009, l\u2019avait d\u00e9figur\u00e9 comme elle a mutil\u00e9 le d\u00e9partement forestier des Landes. Victime, aussi et plus s\u00fbrement, de la mort programm\u00e9e, partout ailleurs, des ormes.<\/p>\n\n\n\n<p>Vaillamment jusque l\u00e0, tel un dinosaure arboricole, le vieil ormeau de Biscarrosse avait r\u00e9sist\u00e9. Perdurera-t-elle autant que lui la jolie l\u00e9gende qui se rattache \u00e0 lui depuis des si\u00e8cles ?<\/p>\n\n\n\n<p>Cette l\u00e9gende, en effet, voulait qu\u2019elle marqu\u00e2t la virginit\u00e9 d\u2019une fille du pays. Cette derni\u00e8re aurait \u00e9t\u00e9 injustement accus\u00e9e de fornication par l\u2019occupant anglais ( ?), peut-\u00eatre aid\u00e9e par une collaboration ( !) jalouse de galants locaux \u00e9conduits. A la tomb\u00e9e de la nuit, elle aurait \u00e9t\u00e9 expos\u00e9e nue \u00e0 la vindicte publique au pied de l\u2019orme. Et\u2026 au petit matin du lendemain, elle aurait eu le bonheur de voir fleurir, au dessus de sa t\u00eate, une couronne de fleurs blanches. Assur\u00e9ment la preuve de son innocence.<\/p>\n\n\n<div class=\"wp-block-image\">\n<figure class=\"alignleft size-full\"><img loading=\"lazy\" decoding=\"async\" width=\"450\" height=\"346\" src=\"https:\/\/www.gasconsdebiscarrosse.net\/wp-content\/uploads\/2026\/05\/legende_orme-1.png\" alt=\"\" class=\"wp-image-408\" srcset=\"https:\/\/www.gasconsdebiscarrosse.net\/wp-content\/uploads\/2026\/05\/legende_orme-1.png 450w, https:\/\/www.gasconsdebiscarrosse.net\/wp-content\/uploads\/2026\/05\/legende_orme-1-300x231.png 300w\" sizes=\"auto, (max-width: 450px) 100vw, 450px\" \/><\/figure>\n<\/div>\n\n\n<p>Malade, peut-\u00eatre mort, sinon moribond, l\u2019orme n\u2019a plu donn\u00e9 cette couronne de fleurs blanches. Le vieil arbre, tr\u00e8s \u00e9t\u00eat\u00e9, amput\u00e9 de ses plus belles branches, ne tardera pas \u00e0 s\u2019effriter de plus en plus, sans doute. A moins qu\u2019il ne se fossilise dans l\u2019\u00e9tat. Mais il n\u2019est pas de pierre, h\u00e9las. Biscarrosse a donc perdu son orme, sa l\u00e9gende, et m\u00eame, dira-t-on, son identit\u00e9 et son \u00e2me. Du moins celles qui nourrissent l\u2019imaginaire depuis des si\u00e8cles.<\/p>\n\n\n\n<p>Il existe, assure-t-on cinq clones du vieil orme de Biscarrosse sur le chevet duquel l\u2019on se penchait depuis des ann\u00e9es. Avant qu\u2019ils ne grandissent, toutefois, et ne deviennent aussi magnifiques que leur anc\u00eatre, ayons une pens\u00e9e \u00e9mue sur un tr\u00e8s vieil arbre, orgueil de toute une cit\u00e9, et une jolie fille, m\u00eame si elle n\u2019a jamais exist\u00e9.<\/p>\n\n\n\n<p>S\u2019il vous pla\u00eet de croire encore au merveilleux, ces quelques lignes veulent repousser l\u2019in\u00e9luctable et dure v\u00e9rit\u00e9. L\u2019orme est mort. Vivent sa l\u00e9gende et leur souvenir \u00e0 tous deux.<\/p>\n\n\n\n<p>Jean-L\u00e9o Coloby<\/p>\n\n\n\n<p>Le site de la Ville de Biscarrosse<br><a href=\"http:\/\/www.ville-biscarrosse.fr\/module-Contenus-viewpub-tid-2-pid-20.html\" target=\"_blank\" rel=\"noreferrer noopener\">Ville de Biscarrosse<\/a><\/p>\n\n\n\n<p>Le site de l&rsquo;Office de Tourisme<br><a href=\"http:\/\/www.biscarrosse.com\/La-legende-de-l-orme\/\" target=\"_blank\" rel=\"noreferrer noopener\">Office de Tourisme Biscarrosse<\/a><\/p>\n\n\n\n<p>Un conte \u00e0 Marqu\u00e8ze<\/p>\n\n\n\n<figure class=\"wp-block-audio\"><audio controls src=\"http:\/\/https:\/\/www.gasconsdebiscarrosse.net\/wp-content\/uploads\/2026\/05\/legende_orme_marqueze-128.mp3\"><\/audio><\/figure>\n\n\n\n<h2 class=\"wp-block-heading\">Interpr\u00e9tation de la peinture de Philippe Long sur la L\u00e9gende de l&rsquo;Orme<\/h2>\n\n\n\n<h2 class=\"wp-block-heading\">(par Biscarrosse.TV)<\/h2>\n\n\n\n<figure class=\"wp-block-embed is-type-video is-provider-vimeo wp-block-embed-vimeo wp-embed-aspect-16-9 wp-has-aspect-ratio\"><div class=\"wp-block-embed__wrapper\">\n<iframe loading=\"lazy\" title=\"26- Philippe Long\" src=\"https:\/\/player.vimeo.com\/video\/108455653?dnt=1&amp;app_id=122963\" width=\"640\" height=\"360\" frameborder=\"0\" allow=\"autoplay; fullscreen; picture-in-picture; clipboard-write; encrypted-media; web-share\" referrerpolicy=\"strict-origin-when-cross-origin\"><\/iframe>\n<\/div><\/figure>\n","protected":false},"excerpt":{"rendered":"<p>La l\u00e9gende de l&rsquo;Orme L\u2019orme est mort, vive sa l\u00e9gende. \u00ab Tout fout le camp, mon bon \u00bb ronchonnent souvent les anciens quand ils \u00e9voquent le pass\u00e9. C\u2019est particuli\u00e8rement vrai \u00e0 Biscarrosse depuis cette ann\u00e9e. Au printemps 2010, en effet, &hellip; <a href=\"https:\/\/www.gasconsdebiscarrosse.net\/index.php\/la-legende-de-lorme\/\">Continuer la lecture <span class=\"meta-nav\">&rarr;<\/span><\/a><\/p>\n","protected":false},"author":1,"featured_media":0,"parent":0,"menu_order":0,"comment_status":"closed","ping_status":"closed","template":"","meta":{"footnotes":""},"class_list":["post-111","page","type-page","status-publish","hentry"],"_links":{"self":[{"href":"https:\/\/www.gasconsdebiscarrosse.net\/index.php\/wp-json\/wp\/v2\/pages\/111","targetHints":{"allow":["GET"]}}],"collection":[{"href":"https:\/\/www.gasconsdebiscarrosse.net\/index.php\/wp-json\/wp\/v2\/pages"}],"about":[{"href":"https:\/\/www.gasconsdebiscarrosse.net\/index.php\/wp-json\/wp\/v2\/types\/page"}],"author":[{"embeddable":true,"href":"https:\/\/www.gasconsdebiscarrosse.net\/index.php\/wp-json\/wp\/v2\/users\/1"}],"replies":[{"embeddable":true,"href":"https:\/\/www.gasconsdebiscarrosse.net\/index.php\/wp-json\/wp\/v2\/comments?post=111"}],"version-history":[{"count":3,"href":"https:\/\/www.gasconsdebiscarrosse.net\/index.php\/wp-json\/wp\/v2\/pages\/111\/revisions"}],"predecessor-version":[{"id":409,"href":"https:\/\/www.gasconsdebiscarrosse.net\/index.php\/wp-json\/wp\/v2\/pages\/111\/revisions\/409"}],"wp:attachment":[{"href":"https:\/\/www.gasconsdebiscarrosse.net\/index.php\/wp-json\/wp\/v2\/media?parent=111"}],"curies":[{"name":"wp","href":"https:\/\/api.w.org\/{rel}","templated":true}]}}