{"id":113,"date":"2026-05-09T07:37:28","date_gmt":"2026-05-09T05:37:28","guid":{"rendered":"http:\/\/kxhiswf.cluster121.hosting.ovh.net\/?page_id=113"},"modified":"2026-05-11T16:22:44","modified_gmt":"2026-05-11T14:22:44","slug":"le-beret","status":"publish","type":"page","link":"https:\/\/www.gasconsdebiscarrosse.net\/index.php\/le-beret\/","title":{"rendered":"Le b\u00e9ret"},"content":{"rendered":"\n<h2 class=\"wp-block-heading\"><\/h2>\n\n\n<div class=\"wp-block-image\">\n<figure class=\"alignleft size-full\"><img loading=\"lazy\" decoding=\"async\" width=\"200\" height=\"213\" src=\"https:\/\/www.gasconsdebiscarrosse.net\/wp-content\/uploads\/2026\/05\/marc-4.jpg\" alt=\"\" class=\"wp-image-410\"\/><\/figure>\n<\/div>\n\n\n<p>Le b\u00e9ret, une fois qu&rsquo;il l&rsquo;a mis sur la t\u00eate, le Landais ne le quitte plus. Et si je parle d&rsquo;autrefois, le m\u00e8stre, le patron, lorsqu&rsquo;il se mettait \u00e0 table, il ne sortait pas son b\u00e9ret. Il le gardait m\u00eame sur la t\u00eate en mangeant. Le b\u00e9ret traduit m\u00eame l&rsquo;\u00e9tat d&rsquo;\u00e2me chez le Landais. Quand il est content, il le met un peu en avant et en pointe; quand il est un peu coquin, quand il veut faire le jeune homme, il le met un peu de travers. Quand on a un certain \u00e2ge, on garde le b\u00e9ret sur la t\u00eate parce qu&rsquo;on n&rsquo;a plus de cheveux. \u00c7a vous cache. Vous le tirez un peu en avant et de la main gauche vous le rehaussez ; cela vous donne un petit air fanfaron et vous avez l&rsquo;impression, lorsque vous avez le b\u00e9ret mis de cette fa\u00e7on, que vous allez marcher beaucoup plus vite.<\/p>\n\n\n<div class=\"wp-block-image\">\n<figure class=\"alignright size-full\"><img loading=\"lazy\" decoding=\"async\" width=\"200\" height=\"233\" src=\"https:\/\/www.gasconsdebiscarrosse.net\/wp-content\/uploads\/2026\/05\/momon-4.jpg\" alt=\"\" class=\"wp-image-412\"\/><\/figure>\n<\/div>\n\n\n<p>Il vous sert aussi de parapluie lorsqu&rsquo;il fait mauvais temps. Ou pour corriger un enfant. Je parle des vieux grands-p\u00e8res. Lorsque l&rsquo;enfant ne veut pas ob\u00e9ir, le petit enfant de cinq ou six ans, il sort son b\u00e9ret de la t\u00eate et lui en donne un coup. Le b\u00e9ret atteint son but ou ne l&rsquo;atteint pas. Le grand-p\u00e8re le remet et le petit gar\u00e7on revient pour lui donner un baiser. C&rsquo;est une fa\u00e7on de se faire pardonner.<\/p>\n\n\n\n<p>M.BENES, instituteur en retraite \u00e0 Dax.<br>Propos recueillis par P.BONTE (Le bonheur est dans le pr\u00e9).<\/p>\n","protected":false},"excerpt":{"rendered":"<p>Le b\u00e9ret, une fois qu&rsquo;il l&rsquo;a mis sur la t\u00eate, le Landais ne le quitte plus. Et si je parle d&rsquo;autrefois, le m\u00e8stre, le patron, lorsqu&rsquo;il se mettait \u00e0 table, il ne sortait pas son b\u00e9ret. Il le gardait m\u00eame &hellip; <a href=\"https:\/\/www.gasconsdebiscarrosse.net\/index.php\/le-beret\/\">Continuer la lecture <span class=\"meta-nav\">&rarr;<\/span><\/a><\/p>\n","protected":false},"author":1,"featured_media":0,"parent":0,"menu_order":0,"comment_status":"closed","ping_status":"closed","template":"","meta":{"footnotes":""},"class_list":["post-113","page","type-page","status-publish","hentry"],"_links":{"self":[{"href":"https:\/\/www.gasconsdebiscarrosse.net\/index.php\/wp-json\/wp\/v2\/pages\/113","targetHints":{"allow":["GET"]}}],"collection":[{"href":"https:\/\/www.gasconsdebiscarrosse.net\/index.php\/wp-json\/wp\/v2\/pages"}],"about":[{"href":"https:\/\/www.gasconsdebiscarrosse.net\/index.php\/wp-json\/wp\/v2\/types\/page"}],"author":[{"embeddable":true,"href":"https:\/\/www.gasconsdebiscarrosse.net\/index.php\/wp-json\/wp\/v2\/users\/1"}],"replies":[{"embeddable":true,"href":"https:\/\/www.gasconsdebiscarrosse.net\/index.php\/wp-json\/wp\/v2\/comments?post=113"}],"version-history":[{"count":3,"href":"https:\/\/www.gasconsdebiscarrosse.net\/index.php\/wp-json\/wp\/v2\/pages\/113\/revisions"}],"predecessor-version":[{"id":414,"href":"https:\/\/www.gasconsdebiscarrosse.net\/index.php\/wp-json\/wp\/v2\/pages\/113\/revisions\/414"}],"wp:attachment":[{"href":"https:\/\/www.gasconsdebiscarrosse.net\/index.php\/wp-json\/wp\/v2\/media?parent=113"}],"curies":[{"name":"wp","href":"https:\/\/api.w.org\/{rel}","templated":true}]}}