{"id":115,"date":"2026-05-09T07:38:38","date_gmt":"2026-05-09T05:38:38","guid":{"rendered":"http:\/\/kxhiswf.cluster121.hosting.ovh.net\/?page_id=115"},"modified":"2026-05-11T16:20:49","modified_gmt":"2026-05-11T14:20:49","slug":"lhiver-du-diable","status":"publish","type":"page","link":"https:\/\/www.gasconsdebiscarrosse.net\/index.php\/lhiver-du-diable\/","title":{"rendered":"L&rsquo;hiver du Diable"},"content":{"rendered":"\n<figure class=\"wp-block-image size-full\"><img loading=\"lazy\" decoding=\"async\" width=\"30\" height=\"20\" src=\"https:\/\/www.gasconsdebiscarrosse.net\/wp-content\/uploads\/2026\/05\/drapeau-fr-47.gif\" alt=\"\" class=\"wp-image-402\"\/><\/figure>\n\n\n\n<h2 class=\"wp-block-heading\"><a href=\"http:\/\/www.gasconsdebiscarrosse.net\/blog\/blogs\/media\/blogs\/b\/drapeau-fr.gif?mtime=1341240042\">&#8211; <\/a><a href=\"http:\/\/www.gasconsdebiscarrosse.net\/blog\/blogs\/blog2.php\/culture-hiver\">L&rsquo;hiver du Diable<\/a><\/h2>\n\n\n<div class=\"wp-block-image\">\n<figure class=\"alignleft size-full\"><img loading=\"lazy\" decoding=\"async\" width=\"467\" height=\"350\" src=\"https:\/\/www.gasconsdebiscarrosse.net\/wp-content\/uploads\/2026\/05\/tempete-1-5.jpg\" alt=\"\" class=\"wp-image-398\" srcset=\"https:\/\/www.gasconsdebiscarrosse.net\/wp-content\/uploads\/2026\/05\/tempete-1-5.jpg 467w, https:\/\/www.gasconsdebiscarrosse.net\/wp-content\/uploads\/2026\/05\/tempete-1-5-300x225.jpg 300w\" sizes=\"auto, (max-width: 467px) 100vw, 467px\" \/><\/figure>\n<\/div>\n\n\n<p>Premiers jours de l\u2019ann\u00e9e 2009\u2026.Hiver, froidures, ciel encombr\u00e9, cach\u00e9 par les cumulus, m\u00e9chants nuages charg\u00e9s de vapeur d\u2019eau !<br>Il a plu ces jours-ci, comme qui la jette ! Les pluies ont noy\u00e9 la terre de nos landes, des jardins, jusqu\u2019au ras des fondations des b\u00e2timents !<br>Les poules, perch\u00e9es sur les liteaux du poulailler n\u2019osaient plus descendre.; Il a fallu se munir de cuissardes afin de traverser le foss\u00e9 de l\u2019airial, pardi, le pont du voisin, d\u00e9moli par les charges des billons \u00e9vacu\u00e9s lors de la derni\u00e8re temp\u00eate emp\u00eache l\u2019\u00e9coulement des eaux.<br>Mais s\u2019il n\u2019y avait que cela, le plus m\u00e9chant restait \u00e0 venir ! La speakerine de la t\u00e9l\u00e9vision nous informait \u00ab m\u00e9t\u00e9o : alerte rouge dans tout le Sud-ouest ! Au cours de la nuit prochaine, une forte temp\u00eate est annonc\u00e9e, avec des vents pouvant atteindre 170 km heure ! \u00bb<br>\u00ab Ho, fils du Diable, tu as entendu, patronne ? \u00c9coute ce qu\u2019a dit la dame de la t\u00e9l\u00e9 : \u00ab Mettez eau ! \u00bb Mon Dieu. Va falloir se munir de bassines, poser des supports contre les fen\u00eatres et les portes ! \u00bb<br>Le temps se faisait sourd, trop calme, quelque chose se pr\u00e9parait, s\u00fbrement !<\/p>\n\n\n<div class=\"wp-block-image\">\n<figure class=\"alignright size-full\"><img loading=\"lazy\" decoding=\"async\" width=\"467\" height=\"350\" src=\"https:\/\/www.gasconsdebiscarrosse.net\/wp-content\/uploads\/2026\/05\/tempete-3-3.jpg\" alt=\"\" class=\"wp-image-399\" srcset=\"https:\/\/www.gasconsdebiscarrosse.net\/wp-content\/uploads\/2026\/05\/tempete-3-3.jpg 467w, https:\/\/www.gasconsdebiscarrosse.net\/wp-content\/uploads\/2026\/05\/tempete-3-3-300x225.jpg 300w\" sizes=\"auto, (max-width: 467px) 100vw, 467px\" \/><\/figure>\n<\/div>\n\n\n<p>Puis vers quatre heures du matin, un bruit brusque et insolite nous sortit d\u2019un demi-sommeil, les oreilles bourdonnaient, le lit, m\u00eame, tremblait. Distribuant sa violence, le vent du Diable venait d\u2019abattre la chemin\u00e9e du chauffage ; Aussit\u00f4t, nous entendions \u00ab chot \u2026 chot \u00bb !<br>Il pleuvait dans l\u2019abri du chauffage, sur la charpente endommag\u00e9e.<br>Je voulus risquer mon nez \u00e0 l\u2019ext\u00e9rieur, mais la patronne : \u00ab malheureux, reviens donc au lit, tu vas te faire \u00e9craser \u00bb \u2026C\u2019est vrai, elle avait raison\u2026 l\u2019\u00e9lectricit\u00e9 manquait<br>Alors, nous repart\u00eemes au lit, attendant la fin de la nuit jusqu\u2019\u00e0 la clart\u00e9 du jour, tout soufflait autour et dans la cour : tuiles, branches, arbres, pins, seaux, po\u00ealons, plastiques, papiers, linges d\u00e9tach\u00e9s du s\u00e9choir\u2026<br>Le petit chien et la chatte, eux, le dos recroquevill\u00e9, n\u2019en menaient pas large, tapis sous la table de la cuisine !\u2026<br>J\u2019osai quand-m\u00eame ouvrir un contre-vent, alors, les boisseaux de la chemin\u00e9e, rendus en morceaux vinrent me tr\u00e9bucher ; sur le sol, cette temp\u00eate distribuait une insolite jonch\u00e9e d\u2019objets venus, on ne savait d\u2019o\u00f9, peut-\u00eatre des voisins !\u2026<\/p>\n\n\n\n<p>Enfin, dans l\u2019apr\u00e8s-midi, le Diable abandonna sa soufflante, mais quelle d\u00e9solation ! Plus d\u2019\u00e9lectricit\u00e9, les b\u00e2tisses d\u00e9couvertes, les arbres couch\u00e9s, les pins d\u00e9cim\u00e9s, sectionn\u00e9s, arrach\u00e9s du sol tremp\u00e9 d\u2019eau, il ne reste plus que des racines \u00e0 l\u2019air, d\u00e9terr\u00e9es des grandes souches qui poussaient sur l\u2019alios\u2026<br>Quel cataclysme ! si Napol\u00e9on revenait parmi nous, lui qui se donna tant de mal pour faire pousser des pins, je crois qu\u2019il enverrait son arm\u00e9e pour administrer une bonne racl\u00e9e au Diable !\u2026<\/p>\n\n\n\n<p>Mais \u00e0 pr\u00e9sent, qu\u2019allons nous faire, mettre le feu \u00e0 la lande d\u00e9vast\u00e9e, revaloriser la for\u00eat ?, mais pour quoi faire, peut-\u00eatre labourer des champs \u00e0 betteraves, ou de ma\u00efs \u00e9cologique afin de transformer ces r\u00e9coltes en carburant pour les voitures ?.<\/p>\n\n\n<div class=\"wp-block-image\">\n<figure class=\"alignleft size-full\"><img loading=\"lazy\" decoding=\"async\" width=\"467\" height=\"350\" src=\"https:\/\/www.gasconsdebiscarrosse.net\/wp-content\/uploads\/2026\/05\/tempete-2-2.jpg\" alt=\"\" class=\"wp-image-400\" srcset=\"https:\/\/www.gasconsdebiscarrosse.net\/wp-content\/uploads\/2026\/05\/tempete-2-2.jpg 467w, https:\/\/www.gasconsdebiscarrosse.net\/wp-content\/uploads\/2026\/05\/tempete-2-2-300x225.jpg 300w\" sizes=\"auto, (max-width: 467px) 100vw, 467px\" \/><\/figure>\n<\/div>\n\n\n<p>Des temps d\u2019autrefois, F\u00e9lix Arnaudin nous laissa des \u00e9crits, des photos des moulins \u00e0 vent, des bergeries et des bergers sur leurs \u00e9chasses\u2026<br>Doit-on donc revenir \u00e0 l\u2019\u00e9poque des moutons ? le Diable semble devenir le ma\u00eetre ?<br>Devrons nous lui permettre de remplacer les pins pour dresser encore plus haut des \u00ab \u00e9oliennes \u00bb, ces grandes roues qui r\u00e9cup\u00e8rent le vent pour produire de la lumi\u00e8re ? ainsi, la moral assombri de ces temps-ci nous rendra la lucidit\u00e9 !<br>Les scientifiques nous pr\u00e9disent depuis de nombreuses ann\u00e9es une remont\u00e9e des eaux , mais il faut quand-m\u00eame essayer de garder espoir ; Les temp\u00eates d\u2019autrefois cr\u00e9\u00e8rent les dunes de notre r\u00e9gion, entre autres celles des Joncs, celles de Bouliques \u2026<br>Ainsi, la mer ne viendra pas nous trouver demain , tout n\u2019est pas encore perdu !<br>Moi, je n\u2019en sais rien, nous prenons de l\u2019\u00e2ge, mais cependant, aupr\u00e8s des g\u00e9n\u00e9rations qui nous succ\u00e8dent, il va falloir rebondir et garder l\u2019humour sans se laisser enterrer !\u2026<\/p>\n\n\n\n<p>Bernat deu Ma\u00e7on&nbsp;<\/p>\n\n\n\n<figure class=\"wp-block-image size-full\"><img loading=\"lazy\" decoding=\"async\" width=\"30\" height=\"20\" src=\"https:\/\/www.gasconsdebiscarrosse.net\/wp-content\/uploads\/2026\/05\/drapeau-oc-46.gif\" alt=\"\" class=\"wp-image-403\"\/><\/figure>\n\n\n\n<h2 class=\"wp-block-heading\"><a href=\"http:\/\/www.gasconsdebiscarrosse.net\/blog\/blogs\/media\/blogs\/b\/drapeau-oc.gif?mtime=1341240048\"><\/a> &#8211; L\u2019iv\u00e8rn deu Cohet<\/h2>\n\n\n\n<p>Purm\u00e8irs jorns de l\u2019annada de 2009 \u2026. iv\u00e8rn, hreiduras, c\u00e8u ennublat, estujat per los crums, maishants borr\u00f2cs cargats d\u2019a\u00efgassa !<br>Qu\u2019a plavut aqueths jorns, com qui la geta ! las plujas qu\u2019an anegat la t\u00e8rra de las lanas, deus casaus, dinc au rediz (ras) deu solar de las bastissas ;<br>Las garias, apitadas suus litr\u00e8us deu por\u00e8ir que \u2018n gaus\u00e8van pas mei devarar (d\u00e9scendre );<br>Qu\u2019am calut trobar cueish\u00e8ras (cuissardes) ent\u00e0 traversar la crasta de l\u2019ostau, pardi, lo pont deu vesin, esbugat per las cargas de bilhons de la darr\u00e8ira ventena, qu\u2019estanca l\u2019escorrement (\u00e9coulement) de las aigas ;<br>M\u00e9s si n\u2019i av\u00e8 pas sonque aqu\u00f2 , que ne coneish\u00e8vam pas enq\u00fc\u00e8ra lo mei maishant ! l\u2019anonciaire de la t\u00e9l\u00e9 que ns\u2019avertiva : \u00ab M\u00e9t\u00e9o, alerte rouge dans tout le Sud-Ouest ! au cours de la nuit prochaine, une forte temp\u00eate est annonc\u00e9e avec des vents \u00e0 170 kilom\u00e8tres heure ! \u00bb<br>Ja , hilh deu diable, dauna, as entenut, para l\u2019aurelha !, la hemna deu caish\u00f2t a parl\u00f2ta que dit : \u00ab Mettez eau !\u00bb Jasus, que vam caler arrecaptar los balh\u00f2ts, botar arrep\u00f3s a las frin\u00e8stras e a las portas !\u2026.<br>Lo t\u00e8mps que se had\u00e8 shord , tr\u00f2p shord\u2026 quauquarren que se perpar\u00e0va, solide !<\/p>\n\n\n<div class=\"wp-block-image\">\n<figure class=\"alignleft size-full\"><img loading=\"lazy\" decoding=\"async\" width=\"467\" height=\"350\" src=\"https:\/\/www.gasconsdebiscarrosse.net\/wp-content\/uploads\/2026\/05\/tempete-1-6.jpg\" alt=\"\" class=\"wp-image-404\" srcset=\"https:\/\/www.gasconsdebiscarrosse.net\/wp-content\/uploads\/2026\/05\/tempete-1-6.jpg 467w, https:\/\/www.gasconsdebiscarrosse.net\/wp-content\/uploads\/2026\/05\/tempete-1-6-300x225.jpg 300w\" sizes=\"auto, (max-width: 467px) 100vw, 467px\" \/><\/figure>\n<\/div>\n\n\n<p>E ent\u00e0 quate \u00f2ras deu matin, un sobte barrabum que nes tir\u00e8t deu cluc, las aurelhas que shiul\u00e8van, lo lheit que tartalhava ; enmalit, lo vent deu Cohet que vin\u00e9 de desapitar (abattre) la chamin\u00e9a, e autanl\u00e9u, qu\u2019enten\u00e8m \u00ab ch\u00f2t, ch\u00f2t ! \u00bb\u2026Que plav\u00e9 hens lo cochurt deu cauhatge, sus la carp\u00e8nta desbartenida ; que volori botar la t\u00e8ca dah\u00f2ra, mes la dauna : \u00ab malur\u00f3s, torna t\u2019en au lheit, que te vas har escalhar ! \u00bb\u2026qu\u2019es vrai, qu\u2019av\u00e8 rason b\u00e9\u2026 N\u2019i av\u00e8 pas mei lutz\u2026<br>E b\u00e9 que se torn\u00e8rem ajacar pardi ? qu\u2019atinorem la matin, dinc a nueit acabada, tot que bohava suu portulh de l\u2019ostau : teulats, balancas, aubres, pins, sujas, pad\u00e8ths, plastics, pap\u00e8irs, cotilhons destacats deu secadeir\u2026lo chebit e la gata, eths, l\u2019esquia en corcora, que se has\u00e8n tot chic\u00f2is, amatats per devath la taula de la codina !\u2026<br>Que gaus\u00e8ri totun obrir un contre-vent, alavetz, los boish\u00e8ths (boisseaux) deu cauhatge tots escalhats \u00e0 tr\u00f2\u00e7 que me vingoren trebucar ; suu s\u00f2u, la ventena qu\u2019esten\u00e8 ua inacostumada (insolite) juncada d\u2019obj\u00e8ctes arribats, vienuts sab\u00e8m pas d\u2019on, belh\u00e8u deus vesins !\u2026<br>Totun entau vr\u00e8spe, lo Cohet que se hart\u00e8t de portar sa boh\u00e8ra ; m\u00e9s quau desol\u00e8ra ! n\u2019i av\u00e8 pas mei lutz, las bastissas descaburadas, los aubres cochats , los pins descabelhats, trencats, desarrigats deu s\u00f2u chimpat per las a\u00efgas, que dam\u00f2ra adare sonque las veas a l\u2019aire (\u00e0 l\u2019air) de las granas troncas, creishudas (pouss\u00e9es) suu lapa\u2026Quau cataclisme ! si lo Napol\u00e9on tornava, eth qui s\u2019av\u00e8 balhat tant de mau per har v\u00e0der los pins, qu\u2019enviare los sons sordats anar foter ua tanada au Cohet !\u2026<\/p>\n\n\n\n<p>E adara, \u00e7\u00f2 que vam har ? har burlar la lana devastada, tornar aprestar (pr\u00e9parer) la t\u00e8rra per semiar o plantar pins, m\u00e9s ent\u00e0 que har ? belh\u00e9u bojar de nav\u00e8ths camps d\u2019arrabas (bletarrabas) o de milh\u00f2c \u00e9cologic, las rec\u00f2rdas destilladas que haren virar las autos ?\u2026<\/p>\n\n\n\n<p>D\u2019auts c\u00f2ps, lo F\u00e9lix (Arnaudin) que ns\u2019a deishat los escriuts, las fotos deus molins a v\u00e9nt sus las lanas, de las b\u00f2rdas e deus aulh\u00e8irs chancats\u2026<\/p>\n\n\n<div class=\"wp-block-image\">\n<figure class=\"alignright size-full\"><img loading=\"lazy\" decoding=\"async\" width=\"467\" height=\"350\" src=\"https:\/\/www.gasconsdebiscarrosse.net\/wp-content\/uploads\/2026\/05\/tempete-3-4.jpg\" alt=\"\" class=\"wp-image-405\" srcset=\"https:\/\/www.gasconsdebiscarrosse.net\/wp-content\/uploads\/2026\/05\/tempete-3-4.jpg 467w, https:\/\/www.gasconsdebiscarrosse.net\/wp-content\/uploads\/2026\/05\/tempete-3-4-300x225.jpg 300w\" sizes=\"auto, (max-width: 467px) 100vw, 467px\" \/><\/figure>\n<\/div>\n\n\n<p>Mes adare, d\u00edvem tornar a l\u2019ep\u00f2ca de las aulhas ? lo vent deu Cohet que sembla estar lo m\u00e8ste ; D\u00eduram li permeter de quilhar enq\u00fc\u00e8re mei haut que los grans pins de d\u2019auts c\u00f2ps las \u00e9olianas, aqueras granas arr\u00f2das ent\u00e0 arrecaptar lo vent e balhar la lutz ? atau lo nos morau que\u2019s tornar\u00e0 meter au clar !\u2026<br>Los scientifics que nes predisen dempuish un gart d\u2019annadas , la montada deus niv\u00e8us de las aigas, mes que cau sajar de pas tombar hens la des-h\u00e8ita ! las shiuladas deus vents de d\u2019auts c\u00f2ps qu\u2019av\u00e8n creat lo truc de Bolicas e la penta deus Juncs, au mens adara la mar que nes v\u00e8n pas enq\u00fc\u00e8ra trobar , tot que n\u2019es pas fotut !<br>Sei pas jo\u2026adare, nos auts qu\u2019em vielhs, dab los joens, que vam caler arrebumpir (rebondir)e guardar totun l\u2019enveja d\u2019arr\u00edder davant de se har tapoar !\u2026<\/p>\n\n\n\n<p>Bernat deu Ma\u00e7on _ Lo ueit de hur\u00e8r de dus milla nau&nbsp;<\/p>\n","protected":false},"excerpt":{"rendered":"<p>&#8211; L&rsquo;hiver du Diable Premiers jours de l\u2019ann\u00e9e 2009\u2026.Hiver, froidures, ciel encombr\u00e9, cach\u00e9 par les cumulus, m\u00e9chants nuages charg\u00e9s de vapeur d\u2019eau !Il a plu ces jours-ci, comme qui la jette ! Les pluies ont noy\u00e9 la terre de nos &hellip; <a href=\"https:\/\/www.gasconsdebiscarrosse.net\/index.php\/lhiver-du-diable\/\">Continuer la lecture <span class=\"meta-nav\">&rarr;<\/span><\/a><\/p>\n","protected":false},"author":1,"featured_media":0,"parent":0,"menu_order":0,"comment_status":"closed","ping_status":"closed","template":"","meta":{"footnotes":""},"class_list":["post-115","page","type-page","status-publish","hentry"],"_links":{"self":[{"href":"https:\/\/www.gasconsdebiscarrosse.net\/index.php\/wp-json\/wp\/v2\/pages\/115","targetHints":{"allow":["GET"]}}],"collection":[{"href":"https:\/\/www.gasconsdebiscarrosse.net\/index.php\/wp-json\/wp\/v2\/pages"}],"about":[{"href":"https:\/\/www.gasconsdebiscarrosse.net\/index.php\/wp-json\/wp\/v2\/types\/page"}],"author":[{"embeddable":true,"href":"https:\/\/www.gasconsdebiscarrosse.net\/index.php\/wp-json\/wp\/v2\/users\/1"}],"replies":[{"embeddable":true,"href":"https:\/\/www.gasconsdebiscarrosse.net\/index.php\/wp-json\/wp\/v2\/comments?post=115"}],"version-history":[{"count":3,"href":"https:\/\/www.gasconsdebiscarrosse.net\/index.php\/wp-json\/wp\/v2\/pages\/115\/revisions"}],"predecessor-version":[{"id":406,"href":"https:\/\/www.gasconsdebiscarrosse.net\/index.php\/wp-json\/wp\/v2\/pages\/115\/revisions\/406"}],"wp:attachment":[{"href":"https:\/\/www.gasconsdebiscarrosse.net\/index.php\/wp-json\/wp\/v2\/media?parent=115"}],"curies":[{"name":"wp","href":"https:\/\/api.w.org\/{rel}","templated":true}]}}