{"id":132,"date":"2026-05-09T07:54:35","date_gmt":"2026-05-09T05:54:35","guid":{"rendered":"http:\/\/kxhiswf.cluster121.hosting.ovh.net\/?page_id=132"},"modified":"2026-05-11T16:31:37","modified_gmt":"2026-05-11T14:31:37","slug":"theatre","status":"publish","type":"page","link":"https:\/\/www.gasconsdebiscarrosse.net\/index.php\/theatre\/","title":{"rendered":"Th\u00e9\u00e2tre"},"content":{"rendered":"<div class=\"wp-block-image\">\n<figure class=\"aligncenter size-full\"><img loading=\"lazy\" decoding=\"async\" width=\"320\" height=\"208\" src=\"http:\/\/https:\/\/www.gasconsdebiscarrosse.net\/wp-content\/uploads\/2026\/05\/fit-320x320-1.jpg\" alt=\"\" class=\"wp-image-133\" srcset=\"https:\/\/www.gasconsdebiscarrosse.net\/wp-content\/uploads\/2026\/05\/fit-320x320-1.jpg 320w, https:\/\/www.gasconsdebiscarrosse.net\/wp-content\/uploads\/2026\/05\/fit-320x320-1-300x195.jpg 300w\" sizes=\"auto, (max-width: 320px) 100vw, 320px\" \/><\/figure>\n<\/div>\n\n\n<h2 class=\"wp-block-heading\"><a href=\"https:\/\/www.gasconsdebiscarrosse.net\/index.php\/theatre-en-co-de-neneta\/\">2010 &#8211; En \u00e7\u00f2 de Neneta<\/a><\/h2>\n\n\n\n<figure class=\"wp-block-gallery alignleft has-nested-images columns-default is-cropped wp-block-gallery-1 is-layout-flex wp-block-gallery-is-layout-flex\">\n<figure class=\"wp-block-image size-full\"><img loading=\"lazy\" decoding=\"async\" width=\"300\" height=\"432\" data-id=\"139\" src=\"https:\/\/www.gasconsdebiscarrosse.net\/wp-content\/uploads\/2026\/05\/affiche-3.png\" alt=\"\" class=\"wp-image-139\" srcset=\"https:\/\/www.gasconsdebiscarrosse.net\/wp-content\/uploads\/2026\/05\/affiche-3.png 300w, https:\/\/www.gasconsdebiscarrosse.net\/wp-content\/uploads\/2026\/05\/affiche-3-208x300.png 208w\" sizes=\"auto, (max-width: 300px) 100vw, 300px\" \/><\/figure>\n<\/figure>\n\n\n\n<figure class=\"wp-block-image size-full\"><img loading=\"lazy\" decoding=\"async\" width=\"30\" height=\"20\" src=\"https:\/\/www.gasconsdebiscarrosse.net\/wp-content\/uploads\/2026\/05\/drapeau-fr-35.gif\" alt=\"\" class=\"wp-image-354\"\/><\/figure>\n\n\n\n<p><a href=\"http:\/\/www.gasconsdebiscarrosse.net\/blog\/blogs\/media\/blogs\/b\/drapeau-fr.gif?mtime=1341240042\"><\/a>&nbsp;Que se passe t&rsquo;il dans un bar ? Quelles personnes y rencontre t&rsquo;on et qu&rsquo;est-ce qu&rsquo;il peut bien s&rsquo;y dire ? \u00ab\u00a0En \u00e7\u00f2 de Neneta\u00a0\u00bb est ce bar qui vous propose de rentrer dans l&rsquo;univers d&rsquo;un bistrot d&rsquo;autrefois et au travers d&rsquo;histoires, sketchs et po\u00e8mes, vous faire d\u00e9couvrir les gens que l&rsquo;on pouvait y c\u00f4toyer.<\/p>\n\n\n\n<figure class=\"wp-block-image size-full\"><img loading=\"lazy\" decoding=\"async\" width=\"30\" height=\"20\" src=\"https:\/\/www.gasconsdebiscarrosse.net\/wp-content\/uploads\/2026\/05\/drapeau-oc-36.gif\" alt=\"\" class=\"wp-image-355\"\/><\/figure>\n\n\n\n<p><a href=\"http:\/\/www.gasconsdebiscarrosse.net\/blog\/blogs\/media\/blogs\/b\/drapeau-oc.gif?mtime=1341240048\"><\/a> E \u00e7\u00f2 que s&rsquo;i passa dehens un bar ? Quinas personas i troban e \u00e7\u00f2 qu&rsquo;i p\u00f2t bien s ic d\u00edder ? \u00ab En \u00e7\u00f2 de Neneta \u00bb, qu&rsquo;es aqueth bar que vs perpausa d&rsquo;entrar dens l&rsquo;univ\u00e8rs d&rsquo;un estanquet d&rsquo;autes c\u00f2ps on, au travers d&rsquo;ist\u00f2rias, scenetas e po\u00e8mas, poderetz descobrir las gens qu&rsquo;ic pod\u00e8van trobar.<\/p>\n\n\n\n<p><\/p>\n\n\n\n<hr class=\"wp-block-separator has-alpha-channel-opacity\"\/>\n\n\n\n<p><\/p>\n\n\n\n<p><\/p>\n\n\n\n<p><\/p>\n\n\n\n<p class=\"has-text-align-center has-medium-font-size\"><strong>&nbsp;2008 &#8211; M\u00f2rt o viu (Reprise)<\/strong><\/p>\n\n\n\n<h2 class=\"wp-block-heading\"><a href=\"https:\/\/www.gasconsdebiscarrosse.net\/index.php\/suu-camin-de-sent-iagues\/\">&nbsp;2007-&nbsp; Suu Camin de Sent-Iagues<\/a><br><\/h2>\n\n\n\n<figure class=\"wp-block-image size-full\"><img loading=\"lazy\" decoding=\"async\" width=\"30\" height=\"20\" src=\"https:\/\/www.gasconsdebiscarrosse.net\/wp-content\/uploads\/2026\/05\/drapeau-fr-36.gif\" alt=\"\" class=\"wp-image-356\"\/><\/figure>\n\n\n\n<figure class=\"wp-block-gallery alignright has-nested-images columns-default is-cropped wp-block-gallery-2 is-layout-flex wp-block-gallery-is-layout-flex\">\n<figure class=\"wp-block-image size-full\"><img loading=\"lazy\" decoding=\"async\" width=\"370\" height=\"488\" data-id=\"154\" src=\"https:\/\/www.gasconsdebiscarrosse.net\/wp-content\/uploads\/2026\/05\/affiche-1.gif\" alt=\"\" class=\"wp-image-154\"\/><\/figure>\n<\/figure>\n\n\n\n<p>A Biscarrosse, au temps des r\u00e9siniers et des hydravions, un jeune am\u00e9ricain en route vers St Jacques de Compostelle tombe amoureux d\u2019une belle landaise. C\u2019est la r\u00e9volution dans la famille.<br>Au travers de cette com\u00e9die truculente, c\u2019est tout le pittoresque du monde rural landais qui est mis en valeur ainsi que son \u00e9tat d\u2019esprit face aux difficult\u00e9s du moment et aux profondes mutations qui se profilent.<\/p>\n\n\n\n<figure class=\"wp-block-image size-full\"><img loading=\"lazy\" decoding=\"async\" width=\"30\" height=\"20\" src=\"https:\/\/www.gasconsdebiscarrosse.net\/wp-content\/uploads\/2026\/05\/drapeau-oc-37.gif\" alt=\"\" class=\"wp-image-357\"\/><\/figure>\n\n\n\n<p> A biscarr\u00f2ssa, deu temps deus arrosin\u00e8irs e deus idravions, un joen am\u00e9rican que camina de cap ta St Iagues de Comp\u00f2st\u00e8la, s\u2019enamora d\u2019ua br\u00f2ia land\u00e8sa. Qu\u2019es la revolution en la familha.<br>A trav\u00e8s d\u2019aquer\u00e0 c\u00f2media arridolenta, qu\u2019es tota la vita vitanta deu pais land\u00e8s qui es h\u00e8it v\u00e0ler cap aus tr\u00e9bucs deu moment e aus grans mudaments qu\u2019arrivan.<\/p>\n\n\n\n<hr class=\"wp-block-separator has-alpha-channel-opacity\"\/>\n\n\n\n<p><\/p>\n\n\n\n<figure class=\"wp-block-gallery alignleft has-nested-images columns-default is-cropped wp-block-gallery-3 is-layout-flex wp-block-gallery-is-layout-flex\">\n<figure class=\"wp-block-image size-full\"><img loading=\"lazy\" decoding=\"async\" width=\"370\" height=\"496\" data-id=\"151\" src=\"https:\/\/www.gasconsdebiscarrosse.net\/wp-content\/uploads\/2026\/05\/affiche.jpg\" alt=\"\" class=\"wp-image-151\" srcset=\"https:\/\/www.gasconsdebiscarrosse.net\/wp-content\/uploads\/2026\/05\/affiche.jpg 370w, https:\/\/www.gasconsdebiscarrosse.net\/wp-content\/uploads\/2026\/05\/affiche-224x300.jpg 224w\" sizes=\"auto, (max-width: 370px) 100vw, 370px\" \/><\/figure>\n<\/figure>\n\n\n\n<div class=\"wp-block-group is-nowrap is-layout-flex wp-container-core-group-is-layout-ad2f72ca wp-block-group-is-layout-flex\">\n<p class=\"has-text-align-right has-medium-font-size\">&nbsp;<a href=\"https:\/\/www.gasconsdebiscarrosse.net\/index.php\/mort-o-viu\/\">2002-&nbsp; \u00ab\u00a0M\u00f2rt o viu\u00a0\u00bb<\/a><\/p>\n<\/div>\n\n\n\n<figure class=\"wp-block-image size-full\"><img loading=\"lazy\" decoding=\"async\" width=\"30\" height=\"20\" src=\"https:\/\/www.gasconsdebiscarrosse.net\/wp-content\/uploads\/2026\/05\/drapeau-fr-37.gif\" alt=\"\" class=\"wp-image-358\"\/><\/figure>\n\n\n\n<div class=\"wp-block-group is-nowrap is-layout-flex wp-container-core-group-is-layout-ad2f72ca wp-block-group-is-layout-flex\">\n<p>Lors d\u2019une partie de chasse, deux villageois roublards d\u00e9couvrent un homme mort, noy\u00e9 dans une lagune. Tout laisse \u00e0 penser qu\u2019il s\u2019agit d\u2019un pauvre malheureux, connu au village sous le surnom du \u00ab\u00a0Pelut\u00a0\u00bb. Les obs\u00e8ques s\u2019\u00e9tant d\u00e9roul\u00e9es, qu\u2019elle n\u2019est pas la surprise des chasseurs lorsqu\u2019ils voient r\u00e9appara\u00eetre le pr\u00e9tendu mort ?Flairant un bon coup \u00e0 faire, ils taisent leur d\u00e9couverte et engagent des paris avec les autres villageois sur la future r\u00e9surrection du \u00ab\u00a0Pelut\u00a0\u00bb.<br>Apr\u00e8s maintes p\u00e9rip\u00e9ties, tout finira bien\u2026.et en chansons comme de coutume<\/p>\n<\/div>\n\n\n\n<figure class=\"wp-block-image size-full\"><img loading=\"lazy\" decoding=\"async\" width=\"30\" height=\"20\" src=\"https:\/\/www.gasconsdebiscarrosse.net\/wp-content\/uploads\/2026\/05\/drapeau-oc-38.gif\" alt=\"\" class=\"wp-image-359\"\/><\/figure>\n\n\n\n<p><a href=\"http:\/\/www.gasconsdebiscarrosse.net\/blog\/blogs\/media\/blogs\/b\/drapeau-oc.gif?mtime=1341240048\"><\/a>&nbsp;Pendent ua partida de ca\u00e7a, dus \u00f2mis deu vilatge h\u00f2ort fin\u00f2ts que tr\u00f2ban un \u00f2mi m\u00f2rt anegat hens la lagua. Tot que deisha pensar qu\u2019es un praube malur\u00f3s coneishut au vilatge dab lo shafre deu \u00ab\u00a0Pelut\u00a0\u00bb. Los obs\u00e8quis son passats e quau suspresa quan los ca\u00e7aires v\u00e9den tornar apare\u00edsher lo suspausat m\u00f2rt! Sentint un maishant c\u00f2p a har, ne parlan pas briga a diguns de la soa descoberta e que van pari\u00e0r quauques c\u00f2ps a b\u00faver e a minjar dab los auts carrer\u00e8rs que lo \u00ab\u00a0Pelut\u00a0\u00bb va arrevitar. Arron mantuas h\u00e8itas, tot que s&rsquo;acabar\u00e0 plan e en can\u00e7ons com tostemps.<\/p>\n\n\n\n<hr class=\"wp-block-separator has-alpha-channel-opacity\"\/>\n\n\n\n<figure class=\"wp-block-table aligncenter\"><table class=\"has-fixed-layout\"><tbody><tr><td><strong>2005 &#8211; Los Pecs contan lo Pec<\/strong><\/td><\/tr><\/tbody><\/table><\/figure>\n\n\n\n<h2 class=\"wp-block-heading\"><a href=\"https:\/\/www.gasconsdebiscarrosse.net\/index.php\/voyage-aux-baleares\/\">2000 &#8211; \u00ab\u00a0Voyage aux Bal\u00e9ares\u00a0\u00bb<\/a><\/h2>\n\n\n\n<figure class=\"wp-block-image size-full\"><img loading=\"lazy\" decoding=\"async\" width=\"30\" height=\"20\" src=\"https:\/\/www.gasconsdebiscarrosse.net\/wp-content\/uploads\/2026\/05\/drapeau-fr-39.gif\" alt=\"\" class=\"wp-image-361\"\/><\/figure>\n\n\n\n<figure class=\"wp-block-gallery alignleft has-nested-images columns-default is-cropped wp-block-gallery-4 is-layout-flex wp-block-gallery-is-layout-flex\">\n<figure class=\"wp-block-image size-full\"><img loading=\"lazy\" decoding=\"async\" width=\"370\" height=\"260\" data-id=\"160\" src=\"https:\/\/www.gasconsdebiscarrosse.net\/wp-content\/uploads\/2026\/05\/voyage.jpg\" alt=\"\" class=\"wp-image-160\" srcset=\"https:\/\/www.gasconsdebiscarrosse.net\/wp-content\/uploads\/2026\/05\/voyage.jpg 370w, https:\/\/www.gasconsdebiscarrosse.net\/wp-content\/uploads\/2026\/05\/voyage-300x211.jpg 300w\" sizes=\"auto, (max-width: 370px) 100vw, 370px\" \/><\/figure>\n<\/figure>\n\n\n\n<p><a href=\"http:\/\/www.mileandre.net\/b2blog\/blogs\/media\/blogs\/Gascons\/drapeau-fr.gif?mtime=1334821562\"><\/a> C&rsquo;est l&rsquo;histoire d&rsquo;un landais \u00ab\u00a0cap e tot\u00a0\u00bb qui se laisse convaincre de quitter pour une fois son quartier.<\/p>\n\n\n\n<p>Am\u00e9lie, la femme de Yan de Truquetenelha, n&rsquo;a pas d&rsquo;id\u00e9e plus saugrenue que de le tra\u00eener aux Bal\u00e9ares et de lui faire prendre l&rsquo;avion sur la ligne \u00ab\u00a0Air Landes alors qu&rsquo;il est si bien \u00e0 sa cabane. La pi\u00e8ce en quatre actes nous fait participer \u00e0 ce 1er voyage en avion, si lointain.<\/p>\n\n\n\n<figure class=\"wp-block-image size-full\"><img loading=\"lazy\" decoding=\"async\" width=\"30\" height=\"20\" src=\"https:\/\/www.gasconsdebiscarrosse.net\/wp-content\/uploads\/2026\/05\/drapeau-oc-39.gif\" alt=\"\" class=\"wp-image-362\"\/><\/figure>\n\n\n\n<p><a href=\"http:\/\/www.mileandre.net\/b2blog\/blogs\/media\/blogs\/Gascons\/drapeau-oc.gif?mtime=1334821570\"><\/a> Qu&rsquo;es l&rsquo;ist\u00f2ria d&rsquo;un land\u00e9s \u00ab\u00a0cap e tot\u00a0\u00bb que&rsquo;s deisha conv\u00e9ncer de quitar lo son par\u00e7an per un c\u00f2p.<br>L&rsquo;Am\u00e9lie, la hemna deu Jan de Truquetenelha, que s&rsquo;es enclavat de&rsquo;u trajar dinc a las Bal\u00e9ares e de li har pr\u00e9ner l&rsquo;avion sus la companhia\u00a0\u00bbAir Landes\u00a0\u00bb quan es tan plan a la soa cabana.<br>La p\u00e8\u00e7a en quate actes nes h\u00e8 participar en aqueth viatge en avion tan lunh.<\/p>\n","protected":false},"excerpt":{"rendered":"<p>2010 &#8211; En \u00e7\u00f2 de Neneta &nbsp;Que se passe t&rsquo;il dans un bar ? Quelles personnes y rencontre t&rsquo;on et qu&rsquo;est-ce qu&rsquo;il peut bien s&rsquo;y dire ? \u00ab\u00a0En \u00e7\u00f2 de Neneta\u00a0\u00bb est ce bar qui vous propose de rentrer dans &hellip; <a href=\"https:\/\/www.gasconsdebiscarrosse.net\/index.php\/theatre\/\">Continuer la lecture <span class=\"meta-nav\">&rarr;<\/span><\/a><\/p>\n","protected":false},"author":1,"featured_media":0,"parent":0,"menu_order":0,"comment_status":"closed","ping_status":"closed","template":"","meta":{"footnotes":""},"class_list":["post-132","page","type-page","status-publish","hentry"],"_links":{"self":[{"href":"https:\/\/www.gasconsdebiscarrosse.net\/index.php\/wp-json\/wp\/v2\/pages\/132","targetHints":{"allow":["GET"]}}],"collection":[{"href":"https:\/\/www.gasconsdebiscarrosse.net\/index.php\/wp-json\/wp\/v2\/pages"}],"about":[{"href":"https:\/\/www.gasconsdebiscarrosse.net\/index.php\/wp-json\/wp\/v2\/types\/page"}],"author":[{"embeddable":true,"href":"https:\/\/www.gasconsdebiscarrosse.net\/index.php\/wp-json\/wp\/v2\/users\/1"}],"replies":[{"embeddable":true,"href":"https:\/\/www.gasconsdebiscarrosse.net\/index.php\/wp-json\/wp\/v2\/comments?post=132"}],"version-history":[{"count":16,"href":"https:\/\/www.gasconsdebiscarrosse.net\/index.php\/wp-json\/wp\/v2\/pages\/132\/revisions"}],"predecessor-version":[{"id":436,"href":"https:\/\/www.gasconsdebiscarrosse.net\/index.php\/wp-json\/wp\/v2\/pages\/132\/revisions\/436"}],"wp:attachment":[{"href":"https:\/\/www.gasconsdebiscarrosse.net\/index.php\/wp-json\/wp\/v2\/media?parent=132"}],"curies":[{"name":"wp","href":"https:\/\/api.w.org\/{rel}","templated":true}]}}