{"id":207,"date":"2026-05-09T08:52:02","date_gmt":"2026-05-09T06:52:02","guid":{"rendered":"http:\/\/kxhiswf.cluster121.hosting.ovh.net\/?page_id=207"},"modified":"2026-05-11T16:17:46","modified_gmt":"2026-05-11T14:17:46","slug":"danse","status":"publish","type":"page","link":"https:\/\/www.gasconsdebiscarrosse.net\/index.php\/danse\/","title":{"rendered":"Danse"},"content":{"rendered":"<div class=\"wp-block-image\">\n<figure class=\"aligncenter size-full\"><img loading=\"lazy\" decoding=\"async\" width=\"226\" height=\"320\" src=\"http:\/\/https:\/\/www.gasconsdebiscarrosse.net\/wp-content\/uploads\/2026\/05\/fit-400x320-1.jpg\" alt=\"\" class=\"wp-image-208\" srcset=\"https:\/\/www.gasconsdebiscarrosse.net\/wp-content\/uploads\/2026\/05\/fit-400x320-1.jpg 226w, https:\/\/www.gasconsdebiscarrosse.net\/wp-content\/uploads\/2026\/05\/fit-400x320-1-212x300.jpg 212w\" sizes=\"auto, (max-width: 226px) 100vw, 226px\" \/><\/figure>\n<\/div>\n\n\n<p><strong>L\u2019Atelier Danses Traditionnelles des<br><br>Gascons de Biscarrosse propose<\/strong><\/p>\n\n\n\n<p><strong>Initiation, apprentissage et mise en pratique tous les mercredis (\u00e0 l&rsquo;exception du 1er) de chaque mois \u00e0 20 heures dans l&rsquo;ancienne cantine de l&rsquo;\u00e9cole de Millas \u00e0 Biscarrosse.<\/strong><\/p>\n\n\n\n<figure class=\"wp-block-gallery has-nested-images columns-default is-cropped wp-block-gallery-1 is-layout-flex wp-block-gallery-is-layout-flex\">\n<figure class=\"wp-block-image size-full\"><img loading=\"lazy\" decoding=\"async\" width=\"801\" height=\"215\" data-id=\"209\" src=\"https:\/\/www.gasconsdebiscarrosse.net\/wp-content\/uploads\/2026\/05\/bandeau.gif\" alt=\"\" class=\"wp-image-209\"\/><\/figure>\n<\/figure>\n\n\n\n<figure class=\"wp-block-image size-full\"><img loading=\"lazy\" decoding=\"async\" width=\"30\" height=\"20\" src=\"https:\/\/www.gasconsdebiscarrosse.net\/wp-content\/uploads\/2026\/05\/drapeau-fr-45.gif\" alt=\"\" class=\"wp-image-389\"\/><\/figure>\n\n\n\n<p>Rondeaux, cercles circassiens, chapeloise, gigue, bourr\u00e9es, polkas, mazurkas, scottishs, sauts b\u00e9arnais, bourregades&#8230; (apprentissage progressif).<\/p>\n\n\n\n<p class=\"has-text-align-center has-text-color has-link-color wp-elements-8a3b281250454212e12dc38ef0c6b909\" style=\"color:#d80e0e\">Novice ou confirm\u00e9(e), venez tout simplement<\/p>\n\n\n\n<p class=\"has-text-align-center has-text-color has-link-color wp-elements-7f0f59d27d07a1f1002a511d767ffee7\" style=\"color:#d80e0e\">partager un moment sympathique<\/p>\n\n\n\n<figure class=\"wp-block-image size-full\"><img loading=\"lazy\" decoding=\"async\" width=\"30\" height=\"20\" src=\"https:\/\/www.gasconsdebiscarrosse.net\/wp-content\/uploads\/2026\/05\/drapeau-oc-44.gif\" alt=\"\" class=\"wp-image-390\"\/><\/figure>\n\n\n\n<p><a href=\"http:\/\/www.gasconsdebiscarrosse.net\/blog\/blogs\/media\/blogs\/b\/drapeau-fr.gif?mtime=1341240042\"><\/a>&nbsp; Compl\u00e9tant l\u2019Atelier danse o\u00f9 au fil des pas, les rondeaux, cercles, cong\u00f2s, gigues, sauts b\u00e9arnais\u2026vous entra\u00eenent dans la ronde, nos Bals Trads et ceux des assos amies vous apporteront bien plus que vous ne l\u2019imaginez en vous faisant partager avec beaucoup de plaisir une des composantes de la culture occitane.<\/p>\n\n\n\n<p><a href=\"http:\/\/www.gasconsdebiscarrosse.net\/blog\/blogs\/media\/blogs\/b\/drapeau-oc.gif?mtime=1341240048\"><\/a> Ent\u00e0 completar lo talh\u00e8r de dan\u00e7a on au briu deus pas, los rond\u00e8us, cong\u00f2s, gigas e auts sauts biarn\u00e8s v\u2019s mian en la ronda, n\u00f2stes bals trads e los de las ass\u00f2ciacions amigas v\u2019s apportaran, mei que podetz imaginar, lo plaser d\u2019un biaish de la cultura \u00f2ccitana.<\/p>\n\n\n\n<figure class=\"wp-block-gallery has-nested-images columns-default is-cropped wp-block-gallery-2 is-layout-flex wp-block-gallery-is-layout-flex\">\n<figure class=\"wp-block-image size-full\"><img loading=\"lazy\" decoding=\"async\" width=\"600\" height=\"880\" data-id=\"212\" src=\"https:\/\/www.gasconsdebiscarrosse.net\/wp-content\/uploads\/2026\/05\/s-o_28-10-11.png\" alt=\"\" class=\"wp-image-212\" srcset=\"https:\/\/www.gasconsdebiscarrosse.net\/wp-content\/uploads\/2026\/05\/s-o_28-10-11.png 600w, https:\/\/www.gasconsdebiscarrosse.net\/wp-content\/uploads\/2026\/05\/s-o_28-10-11-205x300.png 205w\" sizes=\"auto, (max-width: 600px) 100vw, 600px\" \/><\/figure>\n<\/figure>\n","protected":false},"excerpt":{"rendered":"<p>L\u2019Atelier Danses Traditionnelles des Gascons de Biscarrosse propose Initiation, apprentissage et mise en pratique tous les mercredis (\u00e0 l&rsquo;exception du 1er) de chaque mois \u00e0 20 heures dans l&rsquo;ancienne cantine de l&rsquo;\u00e9cole de Millas \u00e0 Biscarrosse. Rondeaux, cercles circassiens, chapeloise, &hellip; <a href=\"https:\/\/www.gasconsdebiscarrosse.net\/index.php\/danse\/\">Continuer la lecture <span class=\"meta-nav\">&rarr;<\/span><\/a><\/p>\n","protected":false},"author":1,"featured_media":0,"parent":0,"menu_order":0,"comment_status":"closed","ping_status":"closed","template":"","meta":{"footnotes":""},"class_list":["post-207","page","type-page","status-publish","hentry"],"_links":{"self":[{"href":"https:\/\/www.gasconsdebiscarrosse.net\/index.php\/wp-json\/wp\/v2\/pages\/207","targetHints":{"allow":["GET"]}}],"collection":[{"href":"https:\/\/www.gasconsdebiscarrosse.net\/index.php\/wp-json\/wp\/v2\/pages"}],"about":[{"href":"https:\/\/www.gasconsdebiscarrosse.net\/index.php\/wp-json\/wp\/v2\/types\/page"}],"author":[{"embeddable":true,"href":"https:\/\/www.gasconsdebiscarrosse.net\/index.php\/wp-json\/wp\/v2\/users\/1"}],"replies":[{"embeddable":true,"href":"https:\/\/www.gasconsdebiscarrosse.net\/index.php\/wp-json\/wp\/v2\/comments?post=207"}],"version-history":[{"count":3,"href":"https:\/\/www.gasconsdebiscarrosse.net\/index.php\/wp-json\/wp\/v2\/pages\/207\/revisions"}],"predecessor-version":[{"id":391,"href":"https:\/\/www.gasconsdebiscarrosse.net\/index.php\/wp-json\/wp\/v2\/pages\/207\/revisions\/391"}],"wp:attachment":[{"href":"https:\/\/www.gasconsdebiscarrosse.net\/index.php\/wp-json\/wp\/v2\/media?parent=207"}],"curies":[{"name":"wp","href":"https:\/\/api.w.org\/{rel}","templated":true}]}}