{"id":317,"date":"2026-05-10T08:05:59","date_gmt":"2026-05-10T06:05:59","guid":{"rendered":"http:\/\/kxhiswf.cluster121.hosting.ovh.net\/?page_id=317"},"modified":"2026-05-11T16:31:01","modified_gmt":"2026-05-11T14:31:01","slug":"voyage-aux-baleares","status":"publish","type":"page","link":"https:\/\/www.gasconsdebiscarrosse.net\/index.php\/voyage-aux-baleares\/","title":{"rendered":"Voyage aux Bal\u00e9ares"},"content":{"rendered":"\n<figure class=\"wp-block-gallery aligncenter has-nested-images columns-default is-cropped wp-block-gallery-1 is-layout-flex wp-block-gallery-is-layout-flex\">\n<figure class=\"wp-block-image size-full\"><img loading=\"lazy\" decoding=\"async\" width=\"370\" height=\"260\" data-id=\"318\" src=\"https:\/\/www.gasconsdebiscarrosse.net\/wp-content\/uploads\/2026\/05\/voyage-1.jpg\" alt=\"\" class=\"wp-image-318\" srcset=\"https:\/\/www.gasconsdebiscarrosse.net\/wp-content\/uploads\/2026\/05\/voyage-1.jpg 370w, https:\/\/www.gasconsdebiscarrosse.net\/wp-content\/uploads\/2026\/05\/voyage-1-300x211.jpg 300w\" sizes=\"auto, (max-width: 370px) 100vw, 370px\" \/><\/figure>\n<\/figure>\n\n\n\n<figure class=\"wp-block-image size-full\"><img loading=\"lazy\" decoding=\"async\" width=\"30\" height=\"20\" src=\"https:\/\/www.gasconsdebiscarrosse.net\/wp-content\/uploads\/2026\/05\/drapeau-fr-54.gif\" alt=\"\" class=\"wp-image-434\"\/><\/figure>\n\n\n\n<p>C&rsquo;est l&rsquo;histoire d&rsquo;un landais \u00ab\u00a0cap e tot\u00a0\u00bb qui se laisse convaincre de quitter pour une fois son quartier.<\/p>\n\n\n\n<p>Am\u00e9lie, la femme de Yan de Truquetenelha, n&rsquo;a pas d&rsquo;id\u00e9e plus saugrenue que de le tra\u00eener aux Bal\u00e9ares et de lui faire prendre l&rsquo;avion sur la ligne \u00ab\u00a0Air Landes alors qu&rsquo;il est si bien \u00e0 sa cabane. La pi\u00e8ce en quatre actes nous fait participer \u00e0 ce 1er voyage en avion, si lointain.<\/p>\n\n\n\n<figure class=\"wp-block-image size-full\"><img loading=\"lazy\" decoding=\"async\" width=\"30\" height=\"20\" src=\"https:\/\/www.gasconsdebiscarrosse.net\/wp-content\/uploads\/2026\/05\/drapeau-oc-52.gif\" alt=\"\" class=\"wp-image-431\"\/><\/figure>\n\n\n\n<p><a href=\"http:\/\/www.mileandre.net\/b2blog\/blogs\/media\/blogs\/Gascons\/drapeau-oc.gif?mtime=1334821570\"><\/a> Qu&rsquo;es l&rsquo;ist\u00f2ria d&rsquo;un land\u00e9s \u00ab\u00a0cap e tot\u00a0\u00bb que&rsquo;s deisha conv\u00e9ncer de quitar lo son par\u00e7an per un c\u00f2p.<br>L&rsquo;Am\u00e9lie, la hemna deu Jan de Truquetenelha, que s&rsquo;es enclavat de&rsquo;u trajar dinc a las Bal\u00e9ares e de li har pr\u00e9ner l&rsquo;avion sus la companhia\u00a0\u00bbAir Landes\u00a0\u00bb quan es tan plan a la soa cabana.<br>La p\u00e8\u00e7a en quate actes nes h\u00e8 participar en aqueth viatge en avion tan lunh.<\/p>\n\n\n\n<p class=\"has-text-align-center has-large-font-size\">Acte 1<\/p>\n\n\n\n<figure class=\"wp-block-gallery aligncenter has-nested-images columns-default is-cropped wp-block-gallery-2 is-layout-flex wp-block-gallery-is-layout-flex\">\n<figure class=\"wp-block-image size-full\"><img loading=\"lazy\" decoding=\"async\" width=\"440\" height=\"335\" data-id=\"321\" src=\"https:\/\/www.gasconsdebiscarrosse.net\/wp-content\/uploads\/2026\/05\/acte1-1.jpg\" alt=\"\" class=\"wp-image-321\" srcset=\"https:\/\/www.gasconsdebiscarrosse.net\/wp-content\/uploads\/2026\/05\/acte1-1.jpg 440w, https:\/\/www.gasconsdebiscarrosse.net\/wp-content\/uploads\/2026\/05\/acte1-1-300x228.jpg 300w\" sizes=\"auto, (max-width: 440px) 100vw, 440px\" \/><\/figure>\n<\/figure>\n\n\n\n<figure class=\"wp-block-image size-full\"><img loading=\"lazy\" decoding=\"async\" width=\"30\" height=\"20\" src=\"https:\/\/www.gasconsdebiscarrosse.net\/wp-content\/uploads\/2026\/05\/drapeau-fr-54.gif\" alt=\"\" class=\"wp-image-434\"\/><\/figure>\n\n\n\n<p>Batiste qui rend visite \u00e0 Jan de Truquetenelha, apprend que celui-ci part en voyage aux Bal\u00e9ares avec le club des retrait\u00e9s auquel appartient Am\u00e9lie, sa femme, ce qui ne l&rsquo;enchante gu\u00e8re. Batiste, trop content de rester l\u00e0, lui souhaite bon voyage.<\/p>\n\n\n\n<figure class=\"wp-block-image size-full\"><img loading=\"lazy\" decoding=\"async\" width=\"30\" height=\"20\" src=\"https:\/\/www.gasconsdebiscarrosse.net\/wp-content\/uploads\/2026\/05\/drapeau-oc-52.gif\" alt=\"\" class=\"wp-image-431\"\/><\/figure>\n\n\n\n<p><a href=\"http:\/\/www.mileandre.net\/b2blog\/blogs\/media\/blogs\/Gascons\/drapeau-oc.gif?mtime=1334821570\"><\/a>Lo Batiste que vien v\u00e9der lo Jan de Truquetenelha e que li apren que va partir en viatge a las Baleares dab lo \u00ab\u00a0club\u00a0\u00bb deus retretats de l&rsquo;Amelia la soa hemna, mes ne l&rsquo;agrada pas briga. Batiste h\u00f2rt content de damorar aqu\u00ed, li dit bon viatge.<\/p>\n\n\n\n<p class=\"has-text-align-center has-large-font-size\">Acte2<\/p>\n\n\n\n<figure class=\"wp-block-gallery aligncenter has-nested-images columns-default is-cropped wp-block-gallery-3 is-layout-flex wp-block-gallery-is-layout-flex\">\n<figure class=\"wp-block-image size-full\"><img loading=\"lazy\" decoding=\"async\" width=\"440\" height=\"335\" data-id=\"324\" src=\"https:\/\/www.gasconsdebiscarrosse.net\/wp-content\/uploads\/2026\/05\/acte2-1.jpg\" alt=\"\" class=\"wp-image-324\" srcset=\"https:\/\/www.gasconsdebiscarrosse.net\/wp-content\/uploads\/2026\/05\/acte2-1.jpg 440w, https:\/\/www.gasconsdebiscarrosse.net\/wp-content\/uploads\/2026\/05\/acte2-1-300x228.jpg 300w\" sizes=\"auto, (max-width: 440px) 100vw, 440px\" \/><\/figure>\n<\/figure>\n\n\n\n<figure class=\"wp-block-image size-full\"><img loading=\"lazy\" decoding=\"async\" width=\"30\" height=\"20\" src=\"https:\/\/www.gasconsdebiscarrosse.net\/wp-content\/uploads\/2026\/05\/drapeau-fr-54.gif\" alt=\"\" class=\"wp-image-434\"\/><\/figure>\n\n\n\n<p>L&#8217;embarquement et le passage en douane ne se passe pas sans histoires. Un landais ne se s\u00e9parant jamais de son couteau, il leur faut beaucoup de compr\u00e9hension et de calme pour monter dans l&rsquo;avion..<\/p>\n\n\n\n<figure class=\"wp-block-image size-full\"><img loading=\"lazy\" decoding=\"async\" width=\"30\" height=\"20\" src=\"https:\/\/www.gasconsdebiscarrosse.net\/wp-content\/uploads\/2026\/05\/drapeau-oc-52.gif\" alt=\"\" class=\"wp-image-431\"\/><\/figure>\n\n\n\n<p><a href=\"http:\/\/www.mileandre.net\/b2blog\/blogs\/media\/blogs\/Gascons\/drapeau-oc.gif?mtime=1334821570\"><\/a> L&#8217;embarcament e lo passatge a la doana ne se h\u00e8n pas sheus ist\u00f2rias. Lo Land\u00e9s qu&rsquo;a tostemps lo cot\u00e8th dehens la p\u00f2cha! Que cau h\u00f2rt de paciencia ent\u00e0 pujar hens l&rsquo;avion.<\/p>\n\n\n\n<p class=\"has-text-align-center has-large-font-size\">Acte 3<\/p>\n\n\n\n<figure class=\"wp-block-gallery aligncenter has-nested-images columns-default is-cropped wp-block-gallery-4 is-layout-flex wp-block-gallery-is-layout-flex\">\n<figure class=\"wp-block-image size-full\"><img loading=\"lazy\" decoding=\"async\" width=\"440\" height=\"335\" data-id=\"327\" src=\"https:\/\/www.gasconsdebiscarrosse.net\/wp-content\/uploads\/2026\/05\/acte3-1.jpg\" alt=\"\" class=\"wp-image-327\" srcset=\"https:\/\/www.gasconsdebiscarrosse.net\/wp-content\/uploads\/2026\/05\/acte3-1.jpg 440w, https:\/\/www.gasconsdebiscarrosse.net\/wp-content\/uploads\/2026\/05\/acte3-1-300x228.jpg 300w\" sizes=\"auto, (max-width: 440px) 100vw, 440px\" \/><\/figure>\n<\/figure>\n\n\n\n<figure class=\"wp-block-image size-full\"><img loading=\"lazy\" decoding=\"async\" width=\"30\" height=\"20\" src=\"https:\/\/www.gasconsdebiscarrosse.net\/wp-content\/uploads\/2026\/05\/drapeau-fr-54.gif\" alt=\"\" class=\"wp-image-434\"\/><\/figure>\n\n\n\n<p>Le voyage en avion et le repas \u00e0 bord occasionnent quelque m\u00e9saventures et quelques d\u00e9sagr\u00e9ments \u00e0 nos landais avant d&rsquo;arriver \u00e0 destination.<\/p>\n\n\n\n<figure class=\"wp-block-image size-full\"><img loading=\"lazy\" decoding=\"async\" width=\"30\" height=\"20\" src=\"https:\/\/www.gasconsdebiscarrosse.net\/wp-content\/uploads\/2026\/05\/drapeau-oc-52.gif\" alt=\"\" class=\"wp-image-431\"\/><\/figure>\n\n\n\n<p><a href=\"http:\/\/www.mileandre.net\/b2blog\/blogs\/media\/blogs\/Gascons\/drapeau-oc.gif?mtime=1334821570\"><\/a> Lo viatge en avion e los repaish qu&rsquo;ocasionan quauquas malaviradas aus n\u00f2stes land\u00e9s avant d&rsquo;arribar a destinacion.<\/p>\n\n\n\n<p class=\"has-text-align-center has-large-font-size\">Acte 4<\/p>\n\n\n\n<figure class=\"wp-block-image size-full\"><img loading=\"lazy\" decoding=\"async\" width=\"30\" height=\"20\" src=\"https:\/\/www.gasconsdebiscarrosse.net\/wp-content\/uploads\/2026\/05\/drapeau-fr-54.gif\" alt=\"\" class=\"wp-image-434\"\/><\/figure>\n\n\n\n<p><a href=\"http:\/\/www.mileandre.net\/b2blog\/blogs\/media\/blogs\/Gascons\/drapeau-fr.gif?mtime=1334821562\"><\/a> Batiste, toujours curieux, vient se faire raconter ce p\u00e9riple par Jan, de retour \u00e0 sa cabane. Que d&rsquo;avantures et de souvenirs il retiendra de ce foutu voyage..<\/p>\n\n\n\n<figure class=\"wp-block-image size-full\"><img loading=\"lazy\" decoding=\"async\" width=\"30\" height=\"20\" src=\"https:\/\/www.gasconsdebiscarrosse.net\/wp-content\/uploads\/2026\/05\/drapeau-oc-52.gif\" alt=\"\" class=\"wp-image-431\"\/><\/figure>\n\n\n\n<p><a href=\"http:\/\/www.mileandre.net\/b2blog\/blogs\/media\/blogs\/Gascons\/drapeau-oc.gif?mtime=1334821570\"><\/a> Lo Batiste tostemps curi\u00f3s que vien v\u00e9der lo Jan tornat a la cabana e que li conda los chepics e los trebucs encontrats pendent aqueth diable de viatge.<\/p>\n\n\n\n<figure class=\"wp-block-gallery aligncenter has-nested-images columns-default is-cropped wp-block-gallery-5 is-layout-flex wp-block-gallery-is-layout-flex\">\n<figure class=\"wp-block-image size-full\"><img loading=\"lazy\" decoding=\"async\" width=\"440\" height=\"335\" data-id=\"332\" src=\"https:\/\/www.gasconsdebiscarrosse.net\/wp-content\/uploads\/2026\/05\/acte4-1.jpg\" alt=\"\" class=\"wp-image-332\" srcset=\"https:\/\/www.gasconsdebiscarrosse.net\/wp-content\/uploads\/2026\/05\/acte4-1.jpg 440w, https:\/\/www.gasconsdebiscarrosse.net\/wp-content\/uploads\/2026\/05\/acte4-1-300x228.jpg 300w\" sizes=\"auto, (max-width: 440px) 100vw, 440px\" \/><\/figure>\n<\/figure>\n","protected":false},"excerpt":{"rendered":"<p>C&rsquo;est l&rsquo;histoire d&rsquo;un landais \u00ab\u00a0cap e tot\u00a0\u00bb qui se laisse convaincre de quitter pour une fois son quartier. Am\u00e9lie, la femme de Yan de Truquetenelha, n&rsquo;a pas d&rsquo;id\u00e9e plus saugrenue que de le tra\u00eener aux Bal\u00e9ares et de lui faire &hellip; <a href=\"https:\/\/www.gasconsdebiscarrosse.net\/index.php\/voyage-aux-baleares\/\">Continuer la lecture <span class=\"meta-nav\">&rarr;<\/span><\/a><\/p>\n","protected":false},"author":1,"featured_media":0,"parent":0,"menu_order":0,"comment_status":"closed","ping_status":"closed","template":"","meta":{"footnotes":""},"class_list":["post-317","page","type-page","status-publish","hentry"],"_links":{"self":[{"href":"https:\/\/www.gasconsdebiscarrosse.net\/index.php\/wp-json\/wp\/v2\/pages\/317","targetHints":{"allow":["GET"]}}],"collection":[{"href":"https:\/\/www.gasconsdebiscarrosse.net\/index.php\/wp-json\/wp\/v2\/pages"}],"about":[{"href":"https:\/\/www.gasconsdebiscarrosse.net\/index.php\/wp-json\/wp\/v2\/types\/page"}],"author":[{"embeddable":true,"href":"https:\/\/www.gasconsdebiscarrosse.net\/index.php\/wp-json\/wp\/v2\/users\/1"}],"replies":[{"embeddable":true,"href":"https:\/\/www.gasconsdebiscarrosse.net\/index.php\/wp-json\/wp\/v2\/comments?post=317"}],"version-history":[{"count":2,"href":"https:\/\/www.gasconsdebiscarrosse.net\/index.php\/wp-json\/wp\/v2\/pages\/317\/revisions"}],"predecessor-version":[{"id":435,"href":"https:\/\/www.gasconsdebiscarrosse.net\/index.php\/wp-json\/wp\/v2\/pages\/317\/revisions\/435"}],"wp:attachment":[{"href":"https:\/\/www.gasconsdebiscarrosse.net\/index.php\/wp-json\/wp\/v2\/media?parent=317"}],"curies":[{"name":"wp","href":"https:\/\/api.w.org\/{rel}","templated":true}]}}