{"id":36,"date":"2026-05-08T16:02:57","date_gmt":"2026-05-08T16:02:57","guid":{"rendered":"http:\/\/kxhiswf.cluster121.hosting.ovh.net\/?page_id=36"},"modified":"2026-05-11T16:25:08","modified_gmt":"2026-05-11T14:25:08","slug":"tradition-gemmage-les-resiniers-de-cugnes","status":"publish","type":"page","link":"https:\/\/www.gasconsdebiscarrosse.net\/index.php\/tradition-gemmage-les-resiniers-de-cugnes\/","title":{"rendered":"Les R\u00e9siniers de Cugnes"},"content":{"rendered":"\n<figure class=\"wp-block-gallery has-nested-images columns-default is-cropped wp-block-gallery-1 is-layout-flex wp-block-gallery-is-layout-flex\">\n<figure class=\"wp-block-image\"><a class=\"floatright\" href=\"http:\/\/https:\/\/www.gasconsdebiscarrosse.net\/wp-content\/uploads\/2026\/05\/logo2.gif\"><img decoding=\"async\" src=\"http:\/\/https:\/\/www.gasconsdebiscarrosse.net\/wp-content\/uploads\/2026\/05\/logo2.gif\" alt=\"\"\/><\/a><\/figure>\n\n\n\n<figure class=\"wp-block-image\"><a class=\"floatleft\" href=\"http:\/\/https:\/\/www.gasconsdebiscarrosse.net\/wp-content\/uploads\/2026\/05\/logo1.gif\"><img decoding=\"async\" src=\"http:\/\/https:\/\/www.gasconsdebiscarrosse.net\/wp-content\/uploads\/2026\/05\/logo1.gif\" alt=\"\"\/><\/a><\/figure>\n<\/figure>\n\n\n\n<h2 class=\"wp-block-heading\">Le gemmage dans les dunes de Biscarrosse<\/h2>\n\n\n\n<p>&nbsp; <a href=\"http:\/\/www.gasconsdebiscarrosse.net\/blog\/blogs\/media\/blogs\/b\/drapeau-oc.gif?mtime=1341240048\"><\/a><strong>Viure al Pa\u00eds \u2013 BIAIS : DAB LO BERNARD EN LAS DUNAS DE BISCARROSSA &#8211; publication du 21 novembre 2017<\/strong><\/p>\n\n\n\n<p>&nbsp;<strong>\u00ab\u00a0<\/strong>La collecte de la r\u00e9sine fut jusque dans les ann\u00e9es 60, dans les Landes, une source de revenu pour de nombreux gemmeurs. Bernard Darmuzey et son \u00e9pouse ont \u00e9t\u00e9 parmi les derniers \u00e0 pratiquer cette activit\u00e9 de mani\u00e8re professionnelle \u00e0 Biscarrosse. Bernard nous explique ici cette technique ancienne : le <a href=\"https:\/\/fr.m.wikipedia.org\/wiki\/Gemmage\">gemmage<\/a>, et nous montre les outils sp\u00e9cifiques \u00e0 cette activit\u00e9.<strong>\u00ab\u00a0<\/strong><\/p>\n\n\n\n<p><em>(pour regarder la s\u00e9quence, cliquez sur le lien et reportez-vous \u00e0 la date de parution)<\/em><strong><\/strong><\/p>\n\n\n\n<figure class=\"wp-block-embed\"><div class=\"wp-block-embed__wrapper\">\nhttps:\/\/france3-regions.blog.francetvinfo.fr\/le-blog-de-viure-al-pais-france3\n<\/div><\/figure>\n\n\n\n<h2 class=\"wp-block-heading\"><strong>Sentier des r\u00e9siniers de Cugnes<\/strong><\/h2>\n\n\n\n<div class=\"wp-block-group is-nowrap is-layout-flex wp-container-core-group-is-layout-ad2f72ca wp-block-group-is-layout-flex\">\n<h3 class=\"wp-block-heading\">Novembre 2017 &#8211; Le Sentier des r\u00e9siniers au repos (ou presque&#8230;) L&rsquo;hiver approche et avec lui le temps du repos pour les grands pins du sentier de Cugnes. Nos r\u00e9siniers vont en profiter&nbsp; pour entretenir leurs outils, am\u00e9liorer la cabane et ses abords, en fait pr\u00e9parer la nouvelle saison.&nbsp; et alors le sentier reprendra vie&#8230; (Sud-Ouest &#8211; 12 ao\u00fbt 2017)<\/h3>\n<\/div>\n\n\n\n<figure class=\"wp-block-gallery has-nested-images columns-default is-cropped wp-block-gallery-2 is-layout-flex wp-block-gallery-is-layout-flex\">\n<figure class=\"wp-block-image size-large\"><img loading=\"lazy\" decoding=\"async\" width=\"1024\" height=\"282\" data-id=\"50\" src=\"https:\/\/www.gasconsdebiscarrosse.net\/wp-content\/uploads\/2026\/05\/Cabane1-1-1024x282.jpg\" alt=\"\" class=\"wp-image-50\" srcset=\"https:\/\/www.gasconsdebiscarrosse.net\/wp-content\/uploads\/2026\/05\/Cabane1-1-1024x282.jpg 1024w, https:\/\/www.gasconsdebiscarrosse.net\/wp-content\/uploads\/2026\/05\/Cabane1-1-300x83.jpg 300w, https:\/\/www.gasconsdebiscarrosse.net\/wp-content\/uploads\/2026\/05\/Cabane1-1-768x211.jpg 768w, https:\/\/www.gasconsdebiscarrosse.net\/wp-content\/uploads\/2026\/05\/Cabane1-1.jpg 1206w\" sizes=\"auto, (max-width: 1024px) 100vw, 1024px\" \/><\/figure>\n<\/figure>\n\n\n\n<figure class=\"wp-block-gallery has-nested-images columns-default is-cropped wp-block-gallery-3 is-layout-flex wp-block-gallery-is-layout-flex\">\n<figure class=\"wp-block-image size-large\"><img loading=\"lazy\" decoding=\"async\" width=\"752\" height=\"1024\" data-id=\"45\" src=\"https:\/\/www.gasconsdebiscarrosse.net\/wp-content\/uploads\/2026\/05\/Cabane2-1-1-752x1024.jpg\" alt=\"\" class=\"wp-image-45\" srcset=\"https:\/\/www.gasconsdebiscarrosse.net\/wp-content\/uploads\/2026\/05\/Cabane2-1-1-752x1024.jpg 752w, https:\/\/www.gasconsdebiscarrosse.net\/wp-content\/uploads\/2026\/05\/Cabane2-1-1-220x300.jpg 220w, https:\/\/www.gasconsdebiscarrosse.net\/wp-content\/uploads\/2026\/05\/Cabane2-1-1-768x1046.jpg 768w, https:\/\/www.gasconsdebiscarrosse.net\/wp-content\/uploads\/2026\/05\/Cabane2-1-1-1128x1536.jpg 1128w, https:\/\/www.gasconsdebiscarrosse.net\/wp-content\/uploads\/2026\/05\/Cabane2-1-1.jpg 1230w\" sizes=\"auto, (max-width: 752px) 100vw, 752px\" \/><\/figure>\n<\/figure>\n\n\n\n<figure class=\"wp-block-image size-full\"><img loading=\"lazy\" decoding=\"async\" width=\"30\" height=\"20\" src=\"https:\/\/www.gasconsdebiscarrosse.net\/wp-content\/uploads\/2026\/05\/drapeau-fr-48.gif\" alt=\"\" class=\"wp-image-415\"\/><\/figure>\n\n\n\n<p>Lo Gainut \u00bb s\u2019en rendant \u00e0 la plage de Biscarrosse, a constat\u00e9 un regain d\u2019activit\u00e9 aux abords de la maison foresti\u00e8re de Cugnes. De pins en pins, il a remarqu\u00e9 que \u00ab lo pinhadar \u00bb revivait, que des outils silencieux depuis plusieurs d\u00e9cennies se faisaient \u00e0 nouveau entendre, que les \u00ab galips \u00bb volaient sous le coup du bridon et que des gascons v\u00eatus polo ray\u00e9, riant, chantant et parlant fort dans cette langue savoureuse et haute en couleur, y besognaient avec passion.<\/p>\n\n\n\n<p>&nbsp;\u00ab Lo n\u00f2ste gainut \u00bb a-t-il remont\u00e9 le temps ? En fait une nouvelle activit\u00e9 se profile chez nos Gascons de Biscarrosse et les \u00ab arrosin\u00e8irs \u00bb vont encore avoir quelques beaux jours devant eux en faisant revivre le gemmage pour les amoureux, grands ou petits, jeunes ou vieux, de la nature et des traditions. A suivre \u2026<\/p>\n\n\n\n<figure class=\"wp-block-image size-full\"><img loading=\"lazy\" decoding=\"async\" width=\"30\" height=\"20\" src=\"https:\/\/www.gasconsdebiscarrosse.net\/wp-content\/uploads\/2026\/05\/drapeau-oc-47.gif\" alt=\"\" class=\"wp-image-416\"\/><\/figure>\n\n\n\n<p><a href=\"http:\/\/www.gasconsdebiscarrosse.net\/blog\/blogs\/media\/blogs\/b\/drapeau-oc.gif?mtime=1341240048\"><\/a>Lo Gainut en se n&rsquo;anant a la plaja qu&rsquo;a vist que i av\u00e8 ua arregahada d&rsquo;activitat a l&rsquo;entorn de la maison foresti\u00e8ra de Cunhes. En caminant de pin en pin que li a semblat que lo pinhadar arrevisclava, que las maneitas silenciosas dempuish pausa se tornavan har ent\u00e9ner, que los galips s&rsquo;esparvolavan suu c\u00f2p de bridon, e que los gem\u00e8irs vestits deu quess\u00f2t rajat que s&rsquo;acuentavan dab arsec, en arr\u00eddent en cantant e en pleitajant en gascon, aquera lenga savorosa e hauta de color.<\/p>\n\n\n\n<p>&nbsp;E, lo n\u00f2ste gainut qu&rsquo;a pojat dens lo temps? No, mes es ua nav\u00e8ra activitat en \u00e7\u00f2 deus gascons de Biscarr\u00f2ssa, e los arrosin\u00e8irs que van aver enqu\u00e8ra de b\u00e8ths jorns devant iths a tornar har v\u00e9ver lo gematge entaus amor\u00f3s, grans o chic\u00f2is, joens o vielhs de la natura e de las tradicions. A seguir .<\/p>\n\n\n<div class=\"wp-block-image\">\n<figure class=\"alignleft size-full\"><img loading=\"lazy\" decoding=\"async\" width=\"150\" height=\"307\" src=\"https:\/\/www.gasconsdebiscarrosse.net\/wp-content\/uploads\/2026\/05\/lo_gainut-150.png\" alt=\"\" class=\"wp-image-56\" srcset=\"https:\/\/www.gasconsdebiscarrosse.net\/wp-content\/uploads\/2026\/05\/lo_gainut-150.png 150w, https:\/\/www.gasconsdebiscarrosse.net\/wp-content\/uploads\/2026\/05\/lo_gainut-150-147x300.png 147w\" sizes=\"auto, (max-width: 150px) 100vw, 150px\" \/><\/figure>\n<\/div>\n\n\n<figure class=\"wp-block-table alignleft\"><table class=\"has-fixed-layout\"><tbody><tr><td colspan=\"3\"><a href=\"http:\/\/www.gasconsdebiscarrosse.net\/blog\/blogs\/blog2.php\/tradition-2011-noel\">No\u00ebl 2011<\/a> Qu\u2019\u00e8ran aci los \u00f2mis de la lana. Oui, ils \u00e9taient bien l\u00e0 les r\u00e9siniers de la Mar Grana pour participer \u00e0 l\u2019animation du bourg de Biscarrosse \u00e0 l\u2019occasion des f\u00eates de No\u00ebl (&#8230;).<\/td><\/tr><tr><td colspan=\"3\">&nbsp;<\/td><\/tr><tr><td colspan=\"3\"><a href=\"http:\/\/www.gasconsdebiscarrosse.net\/blog\/blogs\/blog2.php\/tradition-barras\">La r\u00e9colte du \u00ab barras \u00bb<\/a> Fin octobre, la campagne s&rsquo;ach\u00e8ve avec la derni\u00e8re r\u00e9colte de r\u00e9sine qui s&rsquo;appelle le \u00ab barrascatge \u00bb. Il faut r\u00e9colter une derni\u00e8re fois la r\u00e9sine : vider les pots, puis avec un outil appel\u00e9 \u00ab barrasquit \u00bb, le r\u00e9sinier racle la gemme durcie sur \u00ab la cara \u00bb (entaille faite sur le pin) pendant toute la saison (&#8230;).<\/td><\/tr><tr><td colspan=\"3\">&nbsp;<\/td><\/tr><tr><td><a href=\"http:\/\/www.gasconsdebiscarrosse.net\/blog\/blogs\/blog2.php\/tradition-2011-sentier\">Sentier des r\u00e9siniers, qu&rsquo;es aqu\u00f2?<\/a> Depuis 2010, les r\u00e9siniers de l\u2019association font revivre \u00e0 Biscarrosse &#8211; plage un sentier de d\u00e9couverte sur le gemmage. De mars \u00e0 octobre, en partenariat avec l\u2019ONF et l\u2019office de tourisme de Biscarrosse, ils accueillent sur le site de Cugnes tous ceux qui souhaitent d\u00e9couvrir ou en savoir un peu plus sur la for\u00eat et l\u2019exploitation de la r\u00e9sine (&#8230;).<\/td><\/tr><tr><td>&nbsp;<\/td><\/tr><tr><td><a href=\"https:\/\/www.biscarrosse.tv\/?menu=2&amp;numero=2&amp;id=4&amp;modez=reponses\" data-type=\"link\" data-id=\"https:\/\/www.biscarrosse.tv\/?menu=2&amp;numero=2&amp;id=4&amp;modez=reponses\">La Construction de la cabane &#8211; Premi\u00e8re partie<\/a> (par Biscarrosse.TV) <object data=\"http:\/\/vimeo.com\/moogaloop.swf?clip_id=107783983&amp;server=vimeo.com&amp;show_title=1&amp;show_byline=1&amp;show_portrait=0&amp;color=&amp;fullscreen=1\" width=\"400\" height=\"225\" type=\"application\/x-shockwave-flash\"><\/object><br><\/td><\/tr><tr><td>&nbsp;<\/td><\/tr><tr><td>&nbsp;<a href=\"https:\/\/www.biscarrosse.tv\/?menu=2&amp;numero=2&amp;id=7&amp;modez=reponses\" data-type=\"link\" data-id=\"https:\/\/www.biscarrosse.tv\/?menu=2&amp;numero=2&amp;id=7&amp;modez=reponses\">La Construction de la cabane &#8211; Seconde partie<\/a> (par Biscarrosse.TV)<\/td><\/tr><\/tbody><\/table><\/figure>\n\n\n\n<p><\/p>\n","protected":false},"excerpt":{"rendered":"<p>Le gemmage dans les dunes de Biscarrosse &nbsp; Viure al Pa\u00eds \u2013 BIAIS : DAB LO BERNARD EN LAS DUNAS DE BISCARROSSA &#8211; publication du 21 novembre 2017 &nbsp;\u00ab\u00a0La collecte de la r\u00e9sine fut jusque dans les ann\u00e9es 60, dans &hellip; <a href=\"https:\/\/www.gasconsdebiscarrosse.net\/index.php\/tradition-gemmage-les-resiniers-de-cugnes\/\">Continuer la lecture <span class=\"meta-nav\">&rarr;<\/span><\/a><\/p>\n","protected":false},"author":1,"featured_media":0,"parent":0,"menu_order":0,"comment_status":"closed","ping_status":"closed","template":"","meta":{"footnotes":""},"class_list":["post-36","page","type-page","status-publish","hentry"],"_links":{"self":[{"href":"https:\/\/www.gasconsdebiscarrosse.net\/index.php\/wp-json\/wp\/v2\/pages\/36","targetHints":{"allow":["GET"]}}],"collection":[{"href":"https:\/\/www.gasconsdebiscarrosse.net\/index.php\/wp-json\/wp\/v2\/pages"}],"about":[{"href":"https:\/\/www.gasconsdebiscarrosse.net\/index.php\/wp-json\/wp\/v2\/types\/page"}],"author":[{"embeddable":true,"href":"https:\/\/www.gasconsdebiscarrosse.net\/index.php\/wp-json\/wp\/v2\/users\/1"}],"replies":[{"embeddable":true,"href":"https:\/\/www.gasconsdebiscarrosse.net\/index.php\/wp-json\/wp\/v2\/comments?post=36"}],"version-history":[{"count":15,"href":"https:\/\/www.gasconsdebiscarrosse.net\/index.php\/wp-json\/wp\/v2\/pages\/36\/revisions"}],"predecessor-version":[{"id":418,"href":"https:\/\/www.gasconsdebiscarrosse.net\/index.php\/wp-json\/wp\/v2\/pages\/36\/revisions\/418"}],"wp:attachment":[{"href":"https:\/\/www.gasconsdebiscarrosse.net\/index.php\/wp-json\/wp\/v2\/media?parent=36"}],"curies":[{"name":"wp","href":"https:\/\/api.w.org\/{rel}","templated":true}]}}