{"id":70,"date":"2026-05-08T18:20:40","date_gmt":"2026-05-08T16:20:40","guid":{"rendered":"http:\/\/kxhiswf.cluster121.hosting.ovh.net\/?page_id=70"},"modified":"2026-05-11T16:28:46","modified_gmt":"2026-05-11T14:28:46","slug":"souvenir-gemmeux","status":"publish","type":"page","link":"https:\/\/www.gasconsdebiscarrosse.net\/index.php\/souvenir-gemmeux\/","title":{"rendered":"Souvenir Gemmeux"},"content":{"rendered":"\n<div class=\"wp-block-group is-nowrap is-layout-flex wp-container-core-group-is-layout-ad2f72ca wp-block-group-is-layout-flex\">\n<h1 class=\"wp-block-heading\">Pourquoi parler de gemmage ?<\/h1>\n<\/div>\n\n\n\n<figure class=\"wp-block-image size-full\"><img loading=\"lazy\" decoding=\"async\" width=\"30\" height=\"20\" src=\"https:\/\/www.gasconsdebiscarrosse.net\/wp-content\/uploads\/2026\/05\/drapeau-fr-52.gif\" alt=\"\" class=\"wp-image-427\"\/><\/figure>\n\n\n\n<p>A ceux qui ont v\u00e9cu du m\u00e9tier de la gemme, nous n\u2019apprendrons rien, mais dans quelques ann\u00e9es, nous ne serons plus qu\u2019une \u00abpoign\u00e9e \u00bb \u00e0 raconter l\u2019histoire des r\u00e9siniers, aux g\u00e9n\u00e9rations futures.<br>Ces derniers jours de novembre 2007, l\u2019un des derniers anciens r\u00e9siniers vient de s\u2019\u00e9teindre tout pr\u00e9s de sa cabane : Guy Durou \u2026 Cet homme v\u00e9cut du gemmage sur plusieurs lieux de la lande et des dunes de Jaougaret\u2026<\/p>\n\n\n\n<h1 class=\"wp-block-heading\">O\u00f9 trouvait-on des r\u00e9siniers ?<\/h1>\n\n\n\n<p>Depuis dix-mille ans, les pins existent.<br>Les chercheurs ont retrouv\u00e9 des traces de carres sur des pins gemm\u00e9s ensevelis, puis red\u00e9couverts par l\u2019\u00e9rosion des mar\u00e9es et des temp\u00eates, bien conserv\u00e9s dans le secteur des dunes du Moulleau, \u00e0 Arcachon ( r\u00e9cits de Kauffman 1892). Ces arbres dataient de l\u2019\u00e9poque Gallo-Romaine ! (gemmage au cr\u00f2t)<br>Les r\u00e9siniers gemmaient \u00e0 cette \u00e9poque les pins dans la montagne de La Teste, et plus tard jusqu\u2019en 1960 ils pratiqu\u00e8rent le gemmage \u00e0 la chanque et au bridon avec le syst\u00e8me Hugues)\u2026.&nbsp;<\/p>\n\n\n\n<figure class=\"wp-block-gallery alignleft has-nested-images columns-default is-cropped wp-block-gallery-1 is-layout-flex wp-block-gallery-is-layout-flex\">\n<figure class=\"wp-block-image size-full\"><img loading=\"lazy\" decoding=\"async\" width=\"269\" height=\"400\" data-id=\"72\" src=\"https:\/\/www.gasconsdebiscarrosse.net\/wp-content\/uploads\/2026\/05\/dessin-1-1.jpg\" alt=\"\" class=\"wp-image-72\" srcset=\"https:\/\/www.gasconsdebiscarrosse.net\/wp-content\/uploads\/2026\/05\/dessin-1-1.jpg 269w, https:\/\/www.gasconsdebiscarrosse.net\/wp-content\/uploads\/2026\/05\/dessin-1-1-202x300.jpg 202w\" sizes=\"auto, (max-width: 269px) 100vw, 269px\" \/><\/figure>\n<\/figure>\n\n\n\n<p>Avant 1857 , les landes mar\u00e9cageuses favorisaient davantage une vie agropastorale, l\u2019existence des bergers, le sous- sol \u00e9tait rendu par endroits imperm\u00e9able par l\u2019alios, et en surface on trouvait des lagunes, de la molinie, de la brande\u2026<br>A la mise en valeur des landes de Gascogne, toute une activit\u00e9 se mit en place sous le couvert des responsables de Napol\u00e9on III : chemins, foss\u00e9s, afin de casser l\u2019imperm\u00e9abilit\u00e9 de l\u2019alios, puis semailles de graines et plantations de pins\u2026<br>La fixation et la stabilisation de la dune littorale s\u2019achev\u00e8rent en 1862, suivies plus tard par de nombreux ateliers de mise en valeur des sols, plus ou moins importants.<br>Ce fut alors le d\u00e9but d\u2019exploitation de ces landes mises en valeur par le gemmage, les \u00e9claircies\u2026<br>Puis arriv\u00e8rent les r\u00e9siniers, les muletiers, les sylviculteurs, les b\u00fbcherons et les distillateurs gr\u00e2ce \u00e0 l\u2019am\u00e9lioration du syst\u00e8me Hugues pour recueillir plus ais\u00e9ment une r\u00e9sine plus propre et r\u00e9cup\u00e9rer gr\u00e2ce \u00e0 la distillation , de nombreux produits \u2026<\/p>\n\n\n\n<h1 class=\"wp-block-heading\">Mais alors, comment vivaient les r\u00e9siniers ?<\/h1>\n\n\n\n<p>Il faut dire quand-m\u00eame que la vie des r\u00e9siniers n\u2019avait rien d\u2019enviable quand arrivait la paye. Les familles vivaient du gemmage compl\u00e9mentairement sur de petites fermes, des m\u00e9tairies, elles arrivaient \u00e0 survivre en travaillant beaucoup, le faible argent qui rentrait \u00e9tait mis de c\u00f4t\u00e9 pour payer le superflu.&nbsp;<\/p>\n\n\n\n<figure class=\"wp-block-gallery alignright has-nested-images columns-default is-cropped wp-block-gallery-2 is-layout-flex wp-block-gallery-is-layout-flex\">\n<figure class=\"wp-block-image size-full\"><img loading=\"lazy\" decoding=\"async\" width=\"269\" height=\"400\" data-id=\"73\" src=\"https:\/\/www.gasconsdebiscarrosse.net\/wp-content\/uploads\/2026\/05\/dessin-2.jpg\" alt=\"\" class=\"wp-image-73\" srcset=\"https:\/\/www.gasconsdebiscarrosse.net\/wp-content\/uploads\/2026\/05\/dessin-2.jpg 269w, https:\/\/www.gasconsdebiscarrosse.net\/wp-content\/uploads\/2026\/05\/dessin-2-202x300.jpg 202w\" sizes=\"auto, (max-width: 269px) 100vw, 269px\" \/><\/figure>\n<\/figure>\n\n\n\n<p>Les membres de la famille entretenaient le petit airial ou la m\u00e9tairie : le jardin, les champs de seigle et de ma\u00efs ; ils avaient un cheval, une ou deux mules pour les labours, les fenaisons, le transport des barriques de r\u00e9sine jusqu\u2019\u00e0 la distillerie.<br>Ils \u00e9levaient de la volaille, un porcelet qu\u2019ils engraissaient tout au long de l\u2019ann\u00e9e. Une ou deux vaches fournissaient le lait et les veaux qui naissaient dans l\u2019ann\u00e9e.<br>Dans nos terres sablonneuses, on ne choisissait pas la fa\u00e7on de vivre. Les produits r\u00e9sineux, pourtant recherch\u00e9s sur le march\u00e9 (la tr\u00e8s bonne qualit\u00e9 des peintures \u00e0 l\u2019essence de t\u00e9r\u00e9benthine) ont presque toujours souffert d\u2019une concurrence sans piti\u00e9 face aux produits p\u00e9troliers (white-spirit) . Une mani\u00e8re toujours hypocrite a toujours exist\u00e9 quand il fallait r\u00e9mun\u00e9rer ceux qui vivaient de la gemme. La plus grande part des produits r\u00e9sineux fabriqu\u00e9s servaient pour l\u2019industrie et le r\u00e9sinier, lui, touchait une petite paye irr\u00e9guli\u00e8re, et calcul\u00e9e selon le r\u00e9gime agricole !\u2026<br>De nos jours, le gemmage n\u2019existe plus dans notre pays, mais on retrouve l\u2019exploitation de la r\u00e9sine dans certains pays moins d\u00e9velopp\u00e9s\u2026.<br>L\u2019\u00e9poque actuelle, \u00e9volutive, diff\u00e9rente, abondante de progr\u00e8s et de gadgets de toutes sortes n\u00e9cessite beaucoup d\u2019argent. Les petits sous que l\u2019on attribuait aux r\u00e9siniers ne pourraient certainement pas favoriser le gemmage ; de plus, la for\u00eat si belle soit-elle \u00e0 regarder pour celui qui aime l\u2019\u00e9cologie, vient de subir de m\u00e9chants soubresauts climatiques, il faut replanter les arbres, et ceux qui ont r\u00e9sist\u00e9 sont fragilis\u00e9s\u2026 Et il faut au moins vingt ans pour reconstituer une parcelle !<\/p>\n\n\n\n<h1 class=\"wp-block-heading\">Conclusion<\/h1>\n\n\n\n<p>Si nous devions parler de gemmage, pourquoi pas ? mais que devrions nous choisir :<br>Ressusciter le pass\u00e9 r\u00e9sineux sur une id\u00e9e folklorique ?<br>Face \u00e0 la puissance des march\u00e9s mondiaux tous de connivence pour vendre le baril de p\u00e9trole de plus en plus cher ?( surtout pour eux se r\u00e9server les moyens de ne pas payer l\u2019essence de t\u00e9r\u00e9benthine.)<br>Ou laisser mourir de faim ceux qui vivent chichement, en remplissant les barriques de r\u00e9sine, quelque part , de l\u2019autre c\u00f4t\u00e9 de la mer ou ailleurs ?<\/p>\n\n\n\n<figure class=\"wp-block-image size-full\"><img loading=\"lazy\" decoding=\"async\" width=\"30\" height=\"20\" src=\"https:\/\/www.gasconsdebiscarrosse.net\/wp-content\/uploads\/2026\/05\/drapeau-oc-51.gif\" alt=\"\" class=\"wp-image-428\"\/><\/figure>\n\n\n\n<div class=\"wp-block-group is-nowrap is-layout-flex wp-container-core-group-is-layout-ad2f72ca wp-block-group-is-layout-flex\">\n<h2 class=\"wp-block-heading\">SOVIERS GEMUTS<\/h2>\n<\/div>\n\n\n\n<h1 class=\"wp-block-heading\">Perc\u00e9 parlar deu gematge ?<\/h1>\n\n\n\n<p>Aus qui an viscut deu mesteir de la gema, que\u2019ns i aprenaram pas arren, m\u00e8s dens quauques annadas , que \u2018n seram pas mei qu\u2019un punhat a condar l\u2019istu\u00e8ra deus arrosin\u00e8irs per las generacions a vi\u00e9ner.<br>Dens aqueths purm\u00e8irs jorns de noveme de dus mila s\u00e8t, l\u2019un deus darr\u00e8irs gem\u00e8irs de la lana que v\u00e8n de se deishar anar, pr\u00f2ishe de la soa cabana : Lo Gui Duro\u2026.. Que vivot deu gematge sus mantuns indrets de la lana e de las dunas de Jaogar\u00e8t \u2026.<\/p>\n\n\n\n<h1 class=\"wp-block-heading\">On trob\u00e8van los arrosin\u00e8irs ?<\/h1>\n\n\n\n<p>Dempuish detz-mila ans los pins qu\u2019an existit ;<br>los cercaires qu\u2019an arreconeishut tanben los tralhs de carras sus los pinhs arrecaburats per lo sable e descaburats per las esgavissadas de la mar dens las dunas deu Molau, a Arcaishon (Kauffman 1892) Los arrosin\u00e8irs que gem\u00e0van alavetz los pins dens la Montanha dempuish l\u2019ep\u00f2ca Galo-Romani,(gematge au cr\u00f2t) dinc\u2019a las annadas seishanta . Lo gematge au bridon qu\u2019arrib\u00e8t dap los crampons deu sist\u00e8ma Hugues arron 1860 .<\/p>\n\n\n\n<figure class=\"wp-block-gallery alignleft has-nested-images columns-default is-cropped wp-block-gallery-3 is-layout-flex wp-block-gallery-is-layout-flex\">\n<figure class=\"wp-block-image size-full\"><img loading=\"lazy\" decoding=\"async\" width=\"269\" height=\"400\" data-id=\"72\" src=\"https:\/\/www.gasconsdebiscarrosse.net\/wp-content\/uploads\/2026\/05\/dessin-1-1.jpg\" alt=\"\" class=\"wp-image-72\" srcset=\"https:\/\/www.gasconsdebiscarrosse.net\/wp-content\/uploads\/2026\/05\/dessin-1-1.jpg 269w, https:\/\/www.gasconsdebiscarrosse.net\/wp-content\/uploads\/2026\/05\/dessin-1-1-202x300.jpg 202w\" sizes=\"auto, (max-width: 269px) 100vw, 269px\" \/><\/figure>\n<\/figure>\n\n\n\n<p>Davant 1857, las lanas marecatj\u00f3sas que favoris\u00e8van mei l\u00e8u ua vita agro-pastorau preus aulh\u00e8irs , lo dev\u00e0th deu s\u00f2u qu\u2019\u00e8ra caburat de lapa e en susf\u00e0cia, d\u2019auguicha, de branas, de laguas.<br>A La mesa en valor de las lanas de Gasconha. tota ua activitat encaharida sus las lanas qu\u2019estot espandida per los ingenha\u00edres deu Napol\u00e9on III : assaniment de las lanas : Camins, crastas ent\u00e0 copar lo lapa, semialhas de granas de pins, plantacions\u2026<br>En 1862 l\u2019estabilisacion de la duna litorau que s\u2019acab\u00e8t , seguida d\u2019un gart d\u2019obratges , mei o mensh espandits, semialhas e plantacions , quan lo littorau se stablilis\u00e8t.<br>Aqueras lanas mesas en valor que son estadas expleitadas en seguint per lo gematge, los b\u00f2is d\u2019esclaridas, \u2026<br>Puish que viren arribar los arrosin\u00e8irs, los mulati\u00e8rs, los silvicultors, los buscass\u00e8irs, e los distilators, dap l\u2019amelioracion deu sist\u00e8ma Hugues ent\u00e0 arrecaptar aisidament ua gema shens debr\u00eds e distilar mei de produits pr\u00f2pis.<\/p>\n\n\n\n<h1 class=\"wp-block-heading\">M\u00e8s, alavetz, com viv\u00e8n los arrosin\u00e8irs ?<\/h1>\n\n\n\n<p>Mes que cau d\u00edser tanben que la vita deus arrosin\u00e8irs n\u2019av\u00e8 pas arren d\u2019envejable quan arrib\u00e8va la paga ; las familhas que viv\u00e8van complementariament sus de petits b\u00e8ns, borderatges, metad\u00e8iras, qu\u2019arrib\u00e8van a susviscar en tribalhant h\u00f2rt. Lo chic de s\u00f2s dont rentr\u00e8va a l\u2019ostau qu\u2019\u00e8ra botat en collectivitat per pagar \u00e7\u00f2 de mei daun\u2026&nbsp;<\/p>\n\n\n\n<figure class=\"wp-block-gallery alignright has-nested-images columns-default is-cropped wp-block-gallery-4 is-layout-flex wp-block-gallery-is-layout-flex\">\n<figure class=\"wp-block-image size-full\"><img loading=\"lazy\" decoding=\"async\" width=\"269\" height=\"400\" data-id=\"78\" src=\"https:\/\/www.gasconsdebiscarrosse.net\/wp-content\/uploads\/2026\/05\/dessin-2-2.jpg\" alt=\"\" class=\"wp-image-78\" srcset=\"https:\/\/www.gasconsdebiscarrosse.net\/wp-content\/uploads\/2026\/05\/dessin-2-2.jpg 269w, https:\/\/www.gasconsdebiscarrosse.net\/wp-content\/uploads\/2026\/05\/dessin-2-2-202x300.jpg 202w\" sizes=\"auto, (max-width: 269px) 100vw, 269px\" \/><\/figure>\n<\/figure>\n\n\n\n<p>Qu\u2019entertien\u00e8n lo petit eiriau, o la m\u00e8itadi\u00e8ra : lo casau, los camps de segla e de milh\u00f2c, que s\u2019acasivan un chivau o ua o duas mulas per bojar las t\u00e8rras , dalhar lo hen, portar la gema a l\u2019ateli\u00e8r.<br>Que se had\u00e8n vier quauques poralhas, eslhevar un porcet, engreishat tot l\u2019an, Qu\u2019av\u00e8n sovent ua o duas vacas per v\u00e9nder un vet\u00e8th e per la l\u00e8it.<br>Dens las n\u00f2stas t\u00e8rras sabludas, que n\u2019av\u00e8m pas h\u00f2rt a causir per v\u00edver, mes los produits de la gema, totun recercats, qu\u2019an tostemps soff\u00e8rt d\u2019ua politica limashorda e d\u2019ua concur\u00e8ncia shens pietat, deu petr\u00f2li. Los produits de la gema per la mage part que servivan per l\u2019industria e l\u2019arrosineir qu\u2019\u00e8ra pagat sus ua basa de regime agric\u00f2le\u2026..<br>Adara, lo gematge qu\u2019es abandonat dens lo n\u00f2ste pa\u00eds, la gema qu\u2019es espleitada enq\u00fc\u00e8ra dens los pa\u00eds sosdevolopats\u2026<br>L\u2019ep\u00f2ca actuau, evolutiva, difer\u00e8nta, abondosa de progr\u00e8s e de gatg\u00e8ts de tot \u00f2rdi que nessecita h\u00f2rt de s\u00f2s, las pagas de miserablaus deus gem\u00e8irs que\u2019n porren pas favorisar la represa deu gematge, tant mei que las lanas, plan agradivas singuin per lo qui a\u00edma l\u2019\u00e9cologia, que vi\u00e8nen de patir de meishants arresauts climatics, que cau arreplantar los aubres. Los qui dem\u00f2ran que son fragilizats. \u2026E que cau un vintenat d\u2019annadas per arreconstituar ua parc\u00e8la de pins.<\/p>\n\n\n\n<h1 class=\"wp-block-heading\">Conclusion<\/h1>\n\n\n\n<p>Si div\u00e8m parlar de gematge adara, perc\u00e8 pas, m\u00e8s \u00e7\u00f2 que carr\u00e9 causir ? Arrevitar lo Passat gemut sus ua id\u00e8a folclorica ? (mus\u00e9us)<br>V\u00e9der los marcat mondiaus tots a d\u2019ua, s\u2019encaharir per trobar lo barric de p\u00e9troli de mei en mei encarit ?<br>O deishar crevar de hami los qui amassan lo barric de gema, al\u00e0 on ne tr\u00f2ban, aulhers , de l\u2019auta part de las mars ?\u2026.<\/p>\n\n\n\n<p>Bernat deu Ma\u00e7on<\/p>\n","protected":false},"excerpt":{"rendered":"<p>Pourquoi parler de gemmage ? A ceux qui ont v\u00e9cu du m\u00e9tier de la gemme, nous n\u2019apprendrons rien, mais dans quelques ann\u00e9es, nous ne serons plus qu\u2019une \u00abpoign\u00e9e \u00bb \u00e0 raconter l\u2019histoire des r\u00e9siniers, aux g\u00e9n\u00e9rations futures.Ces derniers jours de &hellip; <a href=\"https:\/\/www.gasconsdebiscarrosse.net\/index.php\/souvenir-gemmeux\/\">Continuer la lecture <span class=\"meta-nav\">&rarr;<\/span><\/a><\/p>\n","protected":false},"author":1,"featured_media":0,"parent":0,"menu_order":0,"comment_status":"closed","ping_status":"closed","template":"","meta":{"footnotes":""},"class_list":["post-70","page","type-page","status-publish","hentry"],"_links":{"self":[{"href":"https:\/\/www.gasconsdebiscarrosse.net\/index.php\/wp-json\/wp\/v2\/pages\/70","targetHints":{"allow":["GET"]}}],"collection":[{"href":"https:\/\/www.gasconsdebiscarrosse.net\/index.php\/wp-json\/wp\/v2\/pages"}],"about":[{"href":"https:\/\/www.gasconsdebiscarrosse.net\/index.php\/wp-json\/wp\/v2\/types\/page"}],"author":[{"embeddable":true,"href":"https:\/\/www.gasconsdebiscarrosse.net\/index.php\/wp-json\/wp\/v2\/users\/1"}],"replies":[{"embeddable":true,"href":"https:\/\/www.gasconsdebiscarrosse.net\/index.php\/wp-json\/wp\/v2\/comments?post=70"}],"version-history":[{"count":3,"href":"https:\/\/www.gasconsdebiscarrosse.net\/index.php\/wp-json\/wp\/v2\/pages\/70\/revisions"}],"predecessor-version":[{"id":429,"href":"https:\/\/www.gasconsdebiscarrosse.net\/index.php\/wp-json\/wp\/v2\/pages\/70\/revisions\/429"}],"wp:attachment":[{"href":"https:\/\/www.gasconsdebiscarrosse.net\/index.php\/wp-json\/wp\/v2\/media?parent=70"}],"curies":[{"name":"wp","href":"https:\/\/api.w.org\/{rel}","templated":true}]}}