{"id":90,"date":"2026-05-08T18:32:50","date_gmt":"2026-05-08T16:32:50","guid":{"rendered":"http:\/\/kxhiswf.cluster121.hosting.ovh.net\/?page_id=90"},"modified":"2026-05-11T16:10:08","modified_gmt":"2026-05-11T14:10:08","slug":"a-la-course-de-vaches","status":"publish","type":"page","link":"https:\/\/www.gasconsdebiscarrosse.net\/index.php\/a-la-course-de-vaches\/","title":{"rendered":"A la course de vaches"},"content":{"rendered":"\n<figure class=\"wp-block-image size-full\"><img loading=\"lazy\" decoding=\"async\" width=\"30\" height=\"20\" src=\"https:\/\/www.gasconsdebiscarrosse.net\/wp-content\/uploads\/2026\/05\/drapeau-fr-40.gif\" alt=\"\" class=\"wp-image-364\"\/><\/figure>\n\n\n\n<p>Quand les f\u00eates de P\u00e2ques arrivent, le monde de la course landaise s&rsquo;excite, il devient f\u00e9brile&#8230; Mais au cours d&rsquo;un \u00e9t\u00e9, nous \u00e9tions partis nous promener en pays du Tursan, pour assister \u00e0 une course de vaches, le jeu landais, l&rsquo;\u00e9carteur dans le \u00ab zig \u00bb quand la vache faisait le \u00ab zag \u00bb, le sauteur sur la t\u00eate cornue, l&rsquo;envol\u00e9e de l&rsquo;ange, le saut p\u00e9rilleux sur la Marguerite, je croyais que nous avions tout vu! Le pr\u00e9pos\u00e9 \u00e0 la corde qui hurlait ses ordres, avec le maire, le d\u00e9put\u00e9 et le cur\u00e9, il ne manquait que l&rsquo;\u00e9v\u00eaque!&#8230;<\/p>\n\n\n\n<p>Il y avait l\u00e0 un monsieur qui parlait dans un entonnoir \u00ab cent francs pour Jeannot, cinquante francs pour Ninot! \u00bb<\/p>\n\n\n\n<p>Et la vache qui fon\u00e7ait, elle \u00e9tait m\u00e9chante, la garce!&#8230; Pardi, le type, il s&rsquo;\u00e9tirait devant elle, il lui montrait son ventre. Il se ramassait de ces \u00ab patacs \u00bb quand il se trouvait au \u00ab zig \u00bb, et il en redemandait quand m\u00eame! Les spectateurs applaudissaient mais quel vacarme!&#8230;<\/p>\n\n\n\n<p>Puis la voix dans l&rsquo;entonnoir annon\u00e7a : \u00ab la premi\u00e8re partie du jeu landais se termine, nous allons faire un quart d&rsquo;heure d&rsquo;entracte! \u00bb<\/p>\n\n\n\n<p>Un petit vieux se trouvait l\u00e0, assis pr\u00e8s de moi ; il comprimait son ventre depuis quelques instants, il riait. Il se leva, descendit les marches de l&rsquo;escalier, et moi, j&rsquo;en fis de m\u00eame, puisque c&rsquo;\u00e9tait l&rsquo;entracte! Je l&rsquo;entendis par dessous les gradins en b\u00e9ton \u00ab ah ah ah fils de garce! \u00bb Je me pensais, il doit \u00eatre malade l&rsquo;ancien puis plus rien&#8230; et tout d&rsquo;un coup \u00ab fils de garce, fils de garce! \u00bb<\/p>\n\n\n\n<p>Alors je me montrai, sait-on jamais ce qu&rsquo;il peut arriver. Il se trouvait l\u00e0, recourb\u00e9 vers le sol, face au mur fa\u00efenc\u00e9, semblant occup\u00e9 de ses deux mains. \u00ab Je peux vous aider? \u00bb, lui dis-je.<\/p>\n\n\n\n<figure class=\"wp-block-gallery alignright has-nested-images columns-default is-cropped wp-block-gallery-1 is-layout-flex wp-block-gallery-is-layout-flex\">\n<figure class=\"wp-block-image size-full\"><img loading=\"lazy\" decoding=\"async\" width=\"350\" height=\"227\" data-id=\"91\" src=\"https:\/\/www.gasconsdebiscarrosse.net\/wp-content\/uploads\/2026\/05\/course_landaise-1.jpg\" alt=\"\" class=\"wp-image-91\" srcset=\"https:\/\/www.gasconsdebiscarrosse.net\/wp-content\/uploads\/2026\/05\/course_landaise-1.jpg 350w, https:\/\/www.gasconsdebiscarrosse.net\/wp-content\/uploads\/2026\/05\/course_landaise-1-300x195.jpg 300w\" sizes=\"auto, (max-width: 350px) 100vw, 350px\" \/><\/figure>\n<\/figure>\n\n\n\n<p>\u00ab Ah fils de garce!, si seulement j&rsquo;avais un couteau ou un ciseau! \u00c7a me fait mal, tu ne peux pas savoir! \u00bb \u00ab Je vais aller chercher un m\u00e9decin! \u00bb, lui dis-je.<\/p>\n\n\n\n<p>\u00ab Je n&rsquo;en ai jamais eu besoin de ma vie&#8212; non! Je voudrais avoir pr\u00e8s de moi la vendeuse de ce pantalon! Celui-ci poss\u00e8de une fermeture \u00e9clair! C&rsquo;est tr\u00e8s pratique quand vous \u00eates press\u00e9, m&rsquo;a-t-elle conseill\u00e9. C&rsquo;est nouveau et vous serez habill\u00e9 comme un jeune! La mode &#8212;- dans le vent! \u00bb<\/p>\n\n\n\n<p>Mais \u00e7a, ce n&rsquo;est pas du tout pratique! Les machoires se sont m\u00e9lang\u00e9es \u2013 et tout s&rsquo;oublie dans le pantalon!&#8230; Le verrou reste ferm\u00e9, et dans le vent &#8212;\u00e7a ne sent pas bon!.<\/p>\n\n\n\n<p>Bernat deu Ma\u00e7on<\/p>\n\n\n\n<figure class=\"wp-block-image size-full\"><img loading=\"lazy\" decoding=\"async\" width=\"30\" height=\"20\" src=\"https:\/\/www.gasconsdebiscarrosse.net\/wp-content\/uploads\/2026\/05\/drapeau-oc-40.gif\" alt=\"\" class=\"wp-image-365\"\/><\/figure>\n\n\n\n<h2 class=\"wp-block-heading\">A la corsa de vacas<\/h2>\n\n\n\n<p>Quan las h\u00e8stas de Pascas arriban, qu&rsquo;es lo moment per los corsaires de s&rsquo;encaharir, que va caler afrontar lo bestiar cornut&#8230;<\/p>\n\n\n\n<p>Mes un estiu, dab quauques esmerits qu&rsquo;anorem se premenar hens lo pa\u00eds deu Tursan, que vol\u00e8m v\u00e9der lo j\u00f2c land\u00e9s, l&rsquo;escartur hens lo \u00ab zig \u00bb quan la vaca had\u00e8 lo \u00ab zag \u00bb! lo sautaire suu cap cornut, la volada de l&rsquo;anjo, lo vira-barquin sus la Margarida, lo cordaire e sa garnura, que cred\u00ed aver tot vist, dab lo maire, lo deputat e lo cur\u00e8, que n&rsquo;i mancava pas sonque l&rsquo;avesque!<\/p>\n\n\n\n<p>E lo pleitajaire hens l&rsquo;ulheta : \u00ab cent francs pour Jan\u00f2t, cinquante francs pour Nin\u00f2t !\u00bb<\/p>\n\n\n\n<p>E la vaca que hul\u00e8va, qu&rsquo;\u00e8ra maishanta la gar\u00e7a! Mes pard\u00ed, lo tipe que s&rsquo;estir\u00e8va davant era, que li had\u00e8 v\u00e9der lo v\u00e8nte, que s&rsquo;amass\u00e8va d&rsquo;aquiths patacs quan se trob\u00e8van au zig, e qu&rsquo;en torn\u00e8va demandar lo tipe! Los espectators que se trucavan hens las mans, mes quau proh\u00e8ra!<\/p>\n\n\n\n<figure class=\"wp-block-gallery alignright has-nested-images columns-default is-cropped wp-block-gallery-2 is-layout-flex wp-block-gallery-is-layout-flex\">\n<figure class=\"wp-block-image size-full\"><img loading=\"lazy\" decoding=\"async\" width=\"350\" height=\"227\" data-id=\"91\" src=\"https:\/\/www.gasconsdebiscarrosse.net\/wp-content\/uploads\/2026\/05\/course_landaise-1.jpg\" alt=\"\" class=\"wp-image-91\" srcset=\"https:\/\/www.gasconsdebiscarrosse.net\/wp-content\/uploads\/2026\/05\/course_landaise-1.jpg 350w, https:\/\/www.gasconsdebiscarrosse.net\/wp-content\/uploads\/2026\/05\/course_landaise-1-300x195.jpg 300w\" sizes=\"auto, (max-width: 350px) 100vw, 350px\" \/><\/figure>\n<\/figure>\n\n\n\n<p>E puish lo pleitejaire que dish\u00f3t \u00ab la premi\u00e8re partie du jeu landais se termine, nous allons faire un quart d&rsquo;heure d&rsquo;entracte! \u00bb<\/p>\n\n\n\n<p>\u00d2c, qu&rsquo;i av\u00e8 un vielh\u00f2t asseitat per plat de jo, que se tien\u00e9 lo vente dempuish ua paus\u00f2ta, had\u00e8 pas sonque arr\u00edder, que se luv\u00e8t, se gah\u00e8t l&rsquo;escal\u00e8ir, jo que&rsquo;u seguivi, puishqu&rsquo;\u00e8ra l&rsquo;enter-heita&#8230;<\/p>\n\n\n\n<p>E que vau ent\u00e9ner per-devath los seita-cuus en beton : \u00abAh ah ah! Hilh de gar\u00e7a, hilh de gar\u00e7a! \u00bb<\/p>\n\n\n\n<p>Jo que pens\u00e8ri, que diu estar malaud lo vielh, &#8230; e puish, pas mei arren!&#8230;<\/p>\n\n\n\n<p>E puish tot sobte : \u00bbHilh deu diable, hilh deu diable! \u00bb<\/p>\n\n\n\n<p>Alavetz que me hiri v\u00e9der, sabem pas jamei,\u00e7\u00f2 qui p\u00f2t arribar?&#8212;Atz daun d&rsquo;ajuda? &#8212; qu&rsquo;\u00e8ra aqu\u00ed cap-baishat, semblava ocupat dab sas duas mans :<\/p>\n\n\n\n<p>\u00ab Ah hilh de gar\u00e7a, que me carr\u00e9 trobar un cot\u00e8th o un cis\u00e8u, aqu\u00f2 que me h\u00e8i mau, que ne p\u00f2ds pas saber! \u00bb<\/p>\n\n\n\n<p>&#8212;E ben, que vau anar cu\u00e9lher lo medecin que li disi! &#8212;<\/p>\n\n\n\n<p>\u00abNan\u00ed, que n&rsquo;\u00e8i pas jamei vist un pegalh\u00e0s atau de ma via, que vor\u00ed v\u00e9der la gojata deu peraquet, aquera que m&rsquo;a vendut ua cul\u00f2ta : \u00ab A fermeture \u00e9clair, c&rsquo;est tr\u00e8s pratique quand vous \u00eates press\u00e9, que m&rsquo;a dit, c&rsquo;est nouveau, et vous serez habill\u00e9 comme un jeune, la mode &#8212; dans le vent !&#8230; \u00bb<\/p>\n\n\n\n<p>Mes aqu\u00f2, que n&rsquo;es pas briga aisit, las maish\u00e8ras que s&rsquo;an barrejat, e jo que m&rsquo;\u00e8i cagat hens la cul\u00f2ta, lo barolh que s&rsquo;es desbartenit &#8230; e que put au vent!&#8230;<\/p>\n","protected":false},"excerpt":{"rendered":"<p>Quand les f\u00eates de P\u00e2ques arrivent, le monde de la course landaise s&rsquo;excite, il devient f\u00e9brile&#8230; Mais au cours d&rsquo;un \u00e9t\u00e9, nous \u00e9tions partis nous promener en pays du Tursan, pour assister \u00e0 une course de vaches, le jeu landais, &hellip; <a href=\"https:\/\/www.gasconsdebiscarrosse.net\/index.php\/a-la-course-de-vaches\/\">Continuer la lecture <span class=\"meta-nav\">&rarr;<\/span><\/a><\/p>\n","protected":false},"author":1,"featured_media":0,"parent":0,"menu_order":0,"comment_status":"closed","ping_status":"closed","template":"","meta":{"footnotes":""},"class_list":["post-90","page","type-page","status-publish","hentry"],"_links":{"self":[{"href":"https:\/\/www.gasconsdebiscarrosse.net\/index.php\/wp-json\/wp\/v2\/pages\/90","targetHints":{"allow":["GET"]}}],"collection":[{"href":"https:\/\/www.gasconsdebiscarrosse.net\/index.php\/wp-json\/wp\/v2\/pages"}],"about":[{"href":"https:\/\/www.gasconsdebiscarrosse.net\/index.php\/wp-json\/wp\/v2\/types\/page"}],"author":[{"embeddable":true,"href":"https:\/\/www.gasconsdebiscarrosse.net\/index.php\/wp-json\/wp\/v2\/users\/1"}],"replies":[{"embeddable":true,"href":"https:\/\/www.gasconsdebiscarrosse.net\/index.php\/wp-json\/wp\/v2\/comments?post=90"}],"version-history":[{"count":2,"href":"https:\/\/www.gasconsdebiscarrosse.net\/index.php\/wp-json\/wp\/v2\/pages\/90\/revisions"}],"predecessor-version":[{"id":366,"href":"https:\/\/www.gasconsdebiscarrosse.net\/index.php\/wp-json\/wp\/v2\/pages\/90\/revisions\/366"}],"wp:attachment":[{"href":"https:\/\/www.gasconsdebiscarrosse.net\/index.php\/wp-json\/wp\/v2\/media?parent=90"}],"curies":[{"name":"wp","href":"https:\/\/api.w.org\/{rel}","templated":true}]}}